{"id":63449,"date":"2026-03-14T10:13:26","date_gmt":"2026-03-14T13:13:26","guid":{"rendered":"https:\/\/www.bitbaru.com\/site\/?page_id=63449"},"modified":"2026-03-16T10:49:37","modified_gmt":"2026-03-16T13:49:37","slug":"cabo-repetidor-com-radios-hytera-rx-tx-ou-cross-link-crossband","status":"publish","type":"page","link":"https:\/\/www.bitbaru.com\/site\/cabo-repetidor-com-radios-hytera-rx-tx-ou-cross-link-crossband\/","title":{"rendered":"Cabo repetidor com r\u00e1dios Hytera (RX TX ou Cross-Link \/ Crossband) PC49"},"content":{"rendered":"<p><img loading=\"lazy\" decoding=\"async\" class=\"size-full wp-image-63450 aligncenter\" src=\"https:\/\/www.bitbaru.com\/site\/wp-content\/uploads\/2026\/03\/cabo_repetidor_hytera_Rx_TX_Cross_link_repeater_schematic.png\" alt=\"\" width=\"648\" height=\"292\" srcset=\"https:\/\/www.bitbaru.com\/site\/wp-content\/uploads\/2026\/03\/cabo_repetidor_hytera_Rx_TX_Cross_link_repeater_schematic.png 648w, https:\/\/www.bitbaru.com\/site\/wp-content\/uploads\/2026\/03\/cabo_repetidor_hytera_Rx_TX_Cross_link_repeater_schematic-300x135.png 300w\" sizes=\"auto, (max-width: 648px) 100vw, 648px\" \/><br \/>\n<img loading=\"lazy\" decoding=\"async\" src=\"https:\/\/www.bitbaru.com\/site\/wp-content\/uploads\/2026\/03\/repeater-repetidor-hytera-hyt-cable-cabo-schematic-esquema-crosslink-crossbrand-vhf-uhf.jpg\" alt=\"Cabo PC49 Repetidor Hytera (Anal\u00f3gico)\" width=\"1920\" height=\"1920\" class=\"size-full wp-image-63456\" srcset=\"https:\/\/www.bitbaru.com\/site\/wp-content\/uploads\/2026\/03\/repeater-repetidor-hytera-hyt-cable-cabo-schematic-esquema-crosslink-crossbrand-vhf-uhf.jpg 1920w, https:\/\/www.bitbaru.com\/site\/wp-content\/uploads\/2026\/03\/repeater-repetidor-hytera-hyt-cable-cabo-schematic-esquema-crosslink-crossbrand-vhf-uhf-300x300.jpg 300w, https:\/\/www.bitbaru.com\/site\/wp-content\/uploads\/2026\/03\/repeater-repetidor-hytera-hyt-cable-cabo-schematic-esquema-crosslink-crossbrand-vhf-uhf-1024x1024.jpg 1024w, https:\/\/www.bitbaru.com\/site\/wp-content\/uploads\/2026\/03\/repeater-repetidor-hytera-hyt-cable-cabo-schematic-esquema-crosslink-crossbrand-vhf-uhf-150x150.jpg 150w, https:\/\/www.bitbaru.com\/site\/wp-content\/uploads\/2026\/03\/repeater-repetidor-hytera-hyt-cable-cabo-schematic-esquema-crosslink-crossbrand-vhf-uhf-768x768.jpg 768w, https:\/\/www.bitbaru.com\/site\/wp-content\/uploads\/2026\/03\/repeater-repetidor-hytera-hyt-cable-cabo-schematic-esquema-crosslink-crossbrand-vhf-uhf-1536x1536.jpg 1536w\" sizes=\"auto, (max-width: 1920px) 100vw, 1920px\" \/><br \/>\n&nbsp;<\/p>\n<p>Cabo para montar repetidora anal\u00f3gica (back-to-back) com dois r\u00e1dios Hytera ou Intelbras utilizando o conector de acess\u00f3rios traseiro (DB26).<\/p>\n<p>Hytera: MD782, MD785, MD780, MD625, MD655, MD615, DMR, RD925, RD625,RD985, RD982, RD962<\/p>\n<p>Este cabo tamb\u00e9m serve para conectar uma repetidora (anal\u00f3gica) com um transceptor anal\u00f3gico (para montar um link na repetidora).<\/p>\n<p><span style=\"color: #ff0000;\">Comprimento padr\u00e3o 30cm ou sob encomenda.<\/span><\/p>\n<p>Fabrica\u00e7\u00e3o sob demanda para envio no pr\u00f3ximo dia.<\/p>\n<h2 style=\"text-align: center;\"><span style=\"color: #ff0000;\"><strong>R$ 249<\/strong><\/span><\/h2>\n<p style=\"text-align: center;\"><span style=\"color: #339966;\"><strong>Frete via MINI ENVIOS (Correios) j\u00e1 incluso.<\/strong><\/span><\/p>\n<p><a href=\"http:\/\/bitbaru.com\/shop\/?add=CaboRPTHyteraDB26\" target=\"_blank\" rel=\"noopener\"><img loading=\"lazy\" decoding=\"async\" class=\"alignnone size-full wp-image-30099 aligncenter\" src=\"https:\/\/www.bitbaru.com\/site\/wp-content\/uploads\/2020\/09\/Botao-Comprar.png\" alt=\"COMPRAR\" width=\"501\" height=\"156\" srcset=\"https:\/\/www.bitbaru.com\/site\/wp-content\/uploads\/2020\/09\/Botao-Comprar.png 501w, https:\/\/www.bitbaru.com\/site\/wp-content\/uploads\/2020\/09\/Botao-Comprar-300x93.png 300w\" sizes=\"auto, (max-width: 501px) 100vw, 501px\" \/><\/a><\/p>\n","protected":false},"excerpt":{"rendered":"<p>&nbsp; Cabo para montar repetidora anal\u00f3gica (back-to-back) com dois r\u00e1dios Hytera ou Intelbras utilizando o conector de acess\u00f3rios traseiro (DB26). Hytera: MD782, MD785, MD780, MD625, MD655, MD615, DMR, RD925, RD625,RD985, RD982, RD962 Este cabo tamb\u00e9m serve para conectar uma repetidora (anal\u00f3gica) com um transceptor anal\u00f3gico (para montar um link na repetidora). Comprimento padr\u00e3o 30cm ou [&hellip;]<\/p>\n","protected":false},"author":1,"featured_media":63392,"parent":0,"menu_order":0,"comment_status":"closed","ping_status":"closed","template":"","meta":{"site-sidebar-layout":"right-sidebar","site-content-layout":"","ast-site-content-layout":"default","site-content-style":"default","site-sidebar-style":"default","ast-global-header-display":"","ast-banner-title-visibility":"","ast-main-header-display":"","ast-hfb-above-header-display":"","ast-hfb-below-header-display":"","ast-hfb-mobile-header-display":"","site-post-title":"","ast-breadcrumbs-content":"","ast-featured-img":"","footer-sml-layout":"","ast-disable-related-posts":"","theme-transparent-header-meta":"default","adv-header-id-meta":"","stick-header-meta":"","header-above-stick-meta":"","header-main-stick-meta":"","header-below-stick-meta":"","astra-migrate-meta-layouts":"set","ast-page-background-enabled":"default","ast-page-background-meta":{"desktop":{"background-color":"","background-image":"","background-repeat":"repeat","background-position":"center center","background-size":"auto","background-attachment":"scroll","background-type":"","background-media":"","overlay-type":"","overlay-color":"","overlay-opacity":"","overlay-gradient":""},"tablet":{"background-color":"","background-image":"","background-repeat":"repeat","background-position":"center center","background-size":"auto","background-attachment":"scroll","background-type":"","background-media":"","overlay-type":"","overlay-color":"","overlay-opacity":"","overlay-gradient":""},"mobile":{"background-color":"","background-image":"","background-repeat":"repeat","background-position":"center center","background-size":"auto","background-attachment":"scroll","background-type":"","background-media":"","overlay-type":"","overlay-color":"","overlay-opacity":"","overlay-gradient":""}},"ast-content-background-meta":{"desktop":{"background-color":"var(--ast-global-color-5)","background-image":"","background-repeat":"repeat","background-position":"center center","background-size":"auto","background-attachment":"scroll","background-type":"","background-media":"","overlay-type":"","overlay-color":"","overlay-opacity":"","overlay-gradient":""},"tablet":{"background-color":"var(--ast-global-color-5)","background-image":"","background-repeat":"repeat","background-position":"center center","background-size":"auto","background-attachment":"scroll","background-type":"","background-media":"","overlay-type":"","overlay-color":"","overlay-opacity":"","overlay-gradient":""},"mobile":{"background-color":"var(--ast-global-color-5)","background-image":"","background-repeat":"repeat","background-position":"center center","background-size":"auto","background-attachment":"scroll","background-type":"","background-media":"","overlay-type":"","overlay-color":"","overlay-opacity":"","overlay-gradient":""}},"footnotes":""},"class_list":["post-63449","page","type-page","status-publish","has-post-thumbnail","hentry"],"_links":{"self":[{"href":"https:\/\/www.bitbaru.com\/site\/wp-json\/wp\/v2\/pages\/63449","targetHints":{"allow":["GET"]}}],"collection":[{"href":"https:\/\/www.bitbaru.com\/site\/wp-json\/wp\/v2\/pages"}],"about":[{"href":"https:\/\/www.bitbaru.com\/site\/wp-json\/wp\/v2\/types\/page"}],"author":[{"embeddable":true,"href":"https:\/\/www.bitbaru.com\/site\/wp-json\/wp\/v2\/users\/1"}],"replies":[{"embeddable":true,"href":"https:\/\/www.bitbaru.com\/site\/wp-json\/wp\/v2\/comments?post=63449"}],"version-history":[{"count":0,"href":"https:\/\/www.bitbaru.com\/site\/wp-json\/wp\/v2\/pages\/63449\/revisions"}],"wp:featuredmedia":[{"embeddable":true,"href":"https:\/\/www.bitbaru.com\/site\/wp-json\/wp\/v2\/media\/63392"}],"wp:attachment":[{"href":"https:\/\/www.bitbaru.com\/site\/wp-json\/wp\/v2\/media?parent=63449"}],"curies":[{"name":"wp","href":"https:\/\/api.w.org\/{rel}","templated":true}]}}