{"id":63348,"date":"2025-10-02T13:48:48","date_gmt":"2025-10-02T16:48:48","guid":{"rendered":"https:\/\/www.bitbaru.com\/site\/?page_id=63348"},"modified":"2025-10-02T17:28:23","modified_gmt":"2025-10-02T20:28:23","slug":"texseg","status":"publish","type":"page","link":"https:\/\/www.bitbaru.com\/site\/texseg\/","title":{"rendered":"TEXSEG: App de seguran\u00e7a privada\/patrimonial"},"content":{"rendered":"<h2><img loading=\"lazy\" decoding=\"async\" class=\"alignnone size-full wp-image-63352\" src=\"https:\/\/www.bitbaru.com\/site\/wp-content\/uploads\/2025\/10\/security-869216.jpg\" alt=\"\" width=\"5760\" height=\"1000\" \/><\/h2>\n<h2 style=\"text-align: center;\"><em>Informatize o atendimento de seus clientes!<\/em><\/h2>\n<p>Pensando em atender a necessidade das pequenas empresas e indiv\u00edduos aut\u00f4nomos que prestam servi\u00e7o de seguran\u00e7a privada e que realizam ronda ostensiva atrav\u00e9s das equipes t\u00e1ticas (agentes com motocicletas ou autom\u00f3veis), o aplicativo TEXSEG prop\u00f5e uma metodologia de trabalho para digitalizar e formalizar os procedimentos de acionamentos dos agentes privados que realizam as rondas.<\/p>\n<h3 style=\"text-align: center;\"><em>Seu servi\u00e7o de seguran\u00e7a privada \/ patrimonial 4.0<\/em><\/h3>\n<p>&nbsp;<\/p>\n<p align=\"justify\">Assim, a empresa ou aut\u00f4nomo respons\u00e1vel pela presta\u00e7\u00e3o do servi\u00e7o de seguran\u00e7a privada poder\u00e1 analisar:<\/p>\n<ul>\n<li>\n<p align=\"justify\">Quantidade de acionamentos realizados por cada cliente: o prestador de servi\u00e7o poder\u00e1 contabilizar quanto recurso cada cliente consome da sua(s) equipe(s) operacional(is).<\/p>\n<\/li>\n<li>\n<p align=\"justify\">M\u00e9trica de desempenho das equipes\/agentes t\u00e1ticas(os): o aplicativo (Android) do agente de seguran\u00e7a (ou equipe t\u00e1tica) mant\u00e9m registro do recebimento do chamado, qual o agente aceitou atendimento do chamado, tempo de espera do cliente (desde a solicita\u00e7\u00e3o at\u00e9 ser atendido), tempo de deslocamento at\u00e9 o local, e por fim, a avalia\u00e7\u00e3o da qualidade do atendimento do agente de seguran\u00e7a privada (vigilante\/vigia\/guarda) que realizou o atendimento.<\/p>\n<\/li>\n<li>\n<p align=\"justify\">Estimativa de custos e qualidade do servi\u00e7o prestado: o gestor da seguran\u00e7a ser\u00e1 capaz de avaliar quem s\u00e3o os clientes que mais consomem o servi\u00e7o (podendo adequar os valores dos contratos).<\/p>\n<\/li>\n<\/ul>\n<h1>Mas e ai, como funciona?<\/h1>\n<p style=\"text-align: left;\" align=\"center\">Cliente: \u00c9 o consumidor do servi\u00e7o de seguran\u00e7a privada. Cada cliente dever\u00e1 ser cadastrado no sistema de gerenciamento do aplicativo TEXSEG pela empresa de seguran\u00e7a privada contratada pelo cliente. O cliente vai efetuar o download do aplicativo TEXSEG nas lojas de aplicativos (Apple Store e Play Store), fornecendo apenas o ID que aparece no aparelho ao abrir o aplicativo.<\/p>\n<p style=\"text-align: left;\" align=\"center\">Agente de Seguran\u00e7a Privada: Utilizar\u00e1 o aplicativo Android para recebimento e atendimento dos chamados. \u00c9 a pessoa respons\u00e1vel por receber os atendimentos solicitados via App pelos clientes. O sistema envia as solicita\u00e7\u00f5es de cada solicita\u00e7\u00e3o atrav\u00e9s do App TEXSEG e notifica tamb\u00e9m via mensagem de texto no n\u00famero de WhatsApp do agente.<\/p>\n<p style=\"text-align: left;\" align=\"center\">Gestor Texseg: Pessoa natural respons\u00e1vel (da empresa ou aut\u00f4nomo prestador de servi\u00e7o de seguran\u00e7a privada) respons\u00e1vel pelo cadastro dos aplicativos dos Clientes e pelo cadastro dos aplicativos e dados dos Agentes de Seguran\u00e7a Privada (ASP) \u2013 qual receber\u00e3o os chamados e executar\u00e3o as atividades fins.<\/p>\n<p align=\"center\"><img loading=\"lazy\" decoding=\"async\" class=\"alignnone size-full wp-image-63351\" src=\"https:\/\/www.bitbaru.com\/site\/wp-content\/uploads\/2025\/10\/Sem-titulo-1.fw_.png\" alt=\"\" width=\"1415\" height=\"349\" \/><\/p>\n<h2 align=\"center\">Maravilha! E quanto custa?<\/h2>\n<p>&nbsp;<\/p>\n<p>At\u00e9 3 aplicativos: SEM CUSTO<\/p>\n<p>Do 4\u00ba ao 10\u00ba: R$ 3.00 \/ m\u00eas por unidade<\/p>\n<p>Do 11\u00ba a 30\u00ba: R$ 2.50 \/ m\u00eas por unidade<\/p>\n<p>Do 31\u00ba a 50\u00ba: R$ 2.00 \/ m\u00eas por unidade<\/p>\n<p>Do 51\u00ba a 100\u00ba: R$ 1.50 \/ m\u00eas por unidade<\/p>\n<p>De 101\u00ba em diante: R$ 1.00 \/ m\u00eas a unidade<\/p>\n<p>&nbsp;<\/p>\n<p style=\"text-align: center;\">Pagamento mensal no boleto\/pix<\/p>\n<p>&nbsp;<\/p>\n<p><strong>Importante:<\/strong> n\u00e3o h\u00e1 nenhuma responsabilidade sobre os contratos e atividades de presta\u00e7\u00e3o de servi\u00e7os de seguran\u00e7a!<\/p>\n<p>&nbsp;<\/p>\n<p><a href=\"itms-services:\/\/?action=download-manifest&amp;url=https:\/\/www.bitbaru.com\/downloads\/manifest.plist\"><img decoding=\"async\" src=\"https:\/\/www.bitbaru.com\/site\/wp-content\/uploads\/2025\/10\/download-para-iphone-ipad-ios.png\" \/><\/a><\/p>\n<p>&nbsp;<\/p>\n<p><a href=\"https:\/\/play.google.com\/store\/apps\/details?id=com.bitbaru.texseg&amp;hl=pt_BR\" target=\"_blank\" rel=\"noopener\"><img decoding=\"async\" src=\"https:\/\/www.bitbaru.com\/site\/wp-content\/uploads\/2025\/07\/disponivel-google-play-badge.png\" \/><\/a><\/p>\n","protected":false},"excerpt":{"rendered":"<p>Informatize o atendimento de seus clientes! Pensando em atender a necessidade das pequenas empresas e indiv\u00edduos aut\u00f4nomos que prestam servi\u00e7o de seguran\u00e7a privada e que realizam ronda ostensiva atrav\u00e9s das equipes t\u00e1ticas (agentes com motocicletas ou autom\u00f3veis), o aplicativo TEXSEG prop\u00f5e uma metodologia de trabalho para digitalizar e formalizar os procedimentos de acionamentos dos agentes [&hellip;]<\/p>\n","protected":false},"author":1,"featured_media":63349,"parent":0,"menu_order":0,"comment_status":"closed","ping_status":"closed","template":"","meta":{"site-sidebar-layout":"default","site-content-layout":"","ast-site-content-layout":"default","site-content-style":"default","site-sidebar-style":"default","ast-global-header-display":"","ast-banner-title-visibility":"disabled","ast-main-header-display":"","ast-hfb-above-header-display":"","ast-hfb-below-header-display":"","ast-hfb-mobile-header-display":"","site-post-title":"disabled","ast-breadcrumbs-content":"disabled","ast-featured-img":"disabled","footer-sml-layout":"","ast-disable-related-posts":"","theme-transparent-header-meta":"default","adv-header-id-meta":"","stick-header-meta":"","header-above-stick-meta":"","header-main-stick-meta":"","header-below-stick-meta":"","astra-migrate-meta-layouts":"set","ast-page-background-enabled":"default","ast-page-background-meta":{"desktop":{"background-color":"","background-image":"","background-repeat":"repeat","background-position":"center center","background-size":"auto","background-attachment":"scroll","background-type":"","background-media":"","overlay-type":"","overlay-color":"","overlay-opacity":"","overlay-gradient":""},"tablet":{"background-color":"","background-image":"","background-repeat":"repeat","background-position":"center center","background-size":"auto","background-attachment":"scroll","background-type":"","background-media":"","overlay-type":"","overlay-color":"","overlay-opacity":"","overlay-gradient":""},"mobile":{"background-color":"","background-image":"","background-repeat":"repeat","background-position":"center center","background-size":"auto","background-attachment":"scroll","background-type":"","background-media":"","overlay-type":"","overlay-color":"","overlay-opacity":"","overlay-gradient":""}},"ast-content-background-meta":{"desktop":{"background-color":"var(--ast-global-color-5)","background-image":"","background-repeat":"repeat","background-position":"center center","background-size":"auto","background-attachment":"scroll","background-type":"","background-media":"","overlay-type":"","overlay-color":"","overlay-opacity":"","overlay-gradient":""},"tablet":{"background-color":"var(--ast-global-color-5)","background-image":"","background-repeat":"repeat","background-position":"center center","background-size":"auto","background-attachment":"scroll","background-type":"","background-media":"","overlay-type":"","overlay-color":"","overlay-opacity":"","overlay-gradient":""},"mobile":{"background-color":"var(--ast-global-color-5)","background-image":"","background-repeat":"repeat","background-position":"center center","background-size":"auto","background-attachment":"scroll","background-type":"","background-media":"","overlay-type":"","overlay-color":"","overlay-opacity":"","overlay-gradient":""}},"footnotes":""},"class_list":["post-63348","page","type-page","status-publish","has-post-thumbnail","hentry"],"_links":{"self":[{"href":"https:\/\/www.bitbaru.com\/site\/wp-json\/wp\/v2\/pages\/63348","targetHints":{"allow":["GET"]}}],"collection":[{"href":"https:\/\/www.bitbaru.com\/site\/wp-json\/wp\/v2\/pages"}],"about":[{"href":"https:\/\/www.bitbaru.com\/site\/wp-json\/wp\/v2\/types\/page"}],"author":[{"embeddable":true,"href":"https:\/\/www.bitbaru.com\/site\/wp-json\/wp\/v2\/users\/1"}],"replies":[{"embeddable":true,"href":"https:\/\/www.bitbaru.com\/site\/wp-json\/wp\/v2\/comments?post=63348"}],"version-history":[{"count":0,"href":"https:\/\/www.bitbaru.com\/site\/wp-json\/wp\/v2\/pages\/63348\/revisions"}],"wp:featuredmedia":[{"embeddable":true,"href":"https:\/\/www.bitbaru.com\/site\/wp-json\/wp\/v2\/media\/63349"}],"wp:attachment":[{"href":"https:\/\/www.bitbaru.com\/site\/wp-json\/wp\/v2\/media?parent=63348"}],"curies":[{"name":"wp","href":"https:\/\/api.w.org\/{rel}","templated":true}]}}