{"id":63206,"date":"2024-04-10T14:03:41","date_gmt":"2024-04-10T17:03:41","guid":{"rendered":"https:\/\/www.bitbaru.com\/site\/?page_id=63206"},"modified":"2026-04-16T11:57:27","modified_gmt":"2026-04-16T14:57:27","slug":"politica-de-privacidade-dos-aplicativos","status":"publish","type":"page","link":"https:\/\/www.bitbaru.com\/site\/politica-de-privacidade-dos-aplicativos\/","title":{"rendered":"Pol\u00edtica de Privacidade dos Aplicativos"},"content":{"rendered":"<p>Essa pol\u00edtica de privacidade se refere aos aplicativos:<\/p>\n<ul>\n<li>ROIP<\/li>\n<li>OUROSAT<\/li>\n<li>TEXSEG<\/li>\n<\/ul>\n<p>Criados por BITBARU.COM<\/p>\n<h5>Informa\u00e7\u00f5es fornecidas pelo usu\u00e1rio<\/h5>\n<p>As informa\u00e7\u00f5es fornecidas dentro dos recursos dos aplicativos s\u00e3o armazenadas apenas para funcionamento do aplicativo.<\/p>\n<h5>Coleta autom\u00e1tica de informa\u00e7\u00f5es<\/h5>\n<p>Informa\u00e7\u00f5es como estat\u00edsticas de instala\u00e7\u00e3o e utiliza\u00e7\u00e3o s\u00e3o coletadas para relat\u00f3rios estrat\u00e9gicos, sem identifica\u00e7\u00e3o pessoal.<\/p>\n<h5>Coleta de informa\u00e7\u00f5es n\u00e3o precisas de localiza\u00e7\u00e3o em tempo real do dispositivo<\/h5>\n<p>Este aplicativo n\u00e3o faz a coleta de informa\u00e7\u00f5es de localiza\u00e7\u00e3o em tempo real.<\/p>\n<h5>Acesso de informa\u00e7\u00f5es por terceiros<\/h5>\n<p>As informa\u00e7\u00f5es coletadas estatisticamente podem ser coletadas com terceiros em algumas situa\u00e7\u00f5es, s\u00e3o elas:<\/p>\n<ul>\n<li>Exigido por lei<\/li>\n<\/ul>\n<p>Quando acreditamos de boa f\u00e9 que a divulga\u00e7\u00e3o \u00e9 necess\u00e1ria para proteger nossos direitos, proteger sua seguran\u00e7a ou a seguran\u00e7a de outras pessoas, investigar fraudes ou responder a uma solicita\u00e7\u00e3o do governo.<\/p>\n<p>Com nossos prestadores de servi\u00e7os confi\u00e1veis que trabalham em nosso nome, n\u00e3o t\u00eam um uso independente das informa\u00e7\u00f5es que divulgamos a eles e concordamos em aderir \u00e0s regras estabelecidas nesta declara\u00e7\u00e3o de privacidade.<\/p>\n<p>Se eu (BITBARU.COM) estiver envolvido em uma fus\u00e3o, aquisi\u00e7\u00e3o ou venda de todos ou de uma parte de seus ativos, voc\u00ea ser\u00e1 notificado por e-mail e \/ ou um aviso destacado em nosso site sobre qualquer altera\u00e7\u00e3o na propriedade ou uso dessas informa\u00e7\u00f5es, bem como quaisquer escolhas que voc\u00ea possa ter em rela\u00e7\u00e3o a essas informa\u00e7\u00f5es.<\/p>\n<p>Para anunciantes e redes de publicidade e empresas de an\u00e1lise de terceiros, conforme descrito na se\u00e7\u00e3o abaixo<\/p>\n<h5>Coleta de informa\u00e7\u00f5es para publicidade<\/h5>\n<p>Trabalhamos com empresas de an\u00e1lise para nos ajudar a entender como o Aplicativo est\u00e1 sendo usado, como a frequ\u00eancia e a dura\u00e7\u00e3o de uso. Trabalhamos com anunciantes e redes de publicidade de terceiros, que precisam saber como voc\u00ea interage com as publicidades fornecidas ajudando assim manter estes aplicativos gratuitos ou com valores bastante acess\u00edveis.<\/p>\n<p>Informa\u00e7\u00f5es coletadas pelo Aplicativo para publicidade, incluindo, mas n\u00e3o se limitando, o ID de identifica\u00e7\u00e3o exclusivo do seu dispositivo m\u00f3vel e seu n\u00famero de telefone celular. Para proteger o anonimato dessas informa\u00e7\u00f5es, usamos uma tecnologia de criptografia para ajudar a garantir que esses terceiros n\u00e3o possam identific\u00e1-lo pessoalmente. Esses terceiros tamb\u00e9m podem obter informa\u00e7\u00f5es an\u00f4nimas sobre outros aplicativos que voc\u00ea baixou para seu dispositivo m\u00f3vel, os sites para celular que voc\u00ea visita, suas informa\u00e7\u00f5es de localiza\u00e7\u00e3o n\u00e3o precisas (por exemplo, seu CEP) e outras informa\u00e7\u00f5es de localiza\u00e7\u00e3o n\u00e3o precisas para ajudar a analisar e servir publicidade direcionada an\u00f4nima no aplicativo e em outros lugares.<\/p>\n<h5>Dos direitos de exclus\u00e3o<\/h5>\n<p>Desative todas as coletas de informa\u00e7\u00f5es desinstalando o Aplicativo: Voc\u00ea pode parar toda a coleta de informa\u00e7\u00f5es pelo Aplicativo facilmente, desinstalando o Aplicativo. Voc\u00ea pode usar os processos de desinstala\u00e7\u00e3o padr\u00e3o que podem estar dispon\u00edveis como parte de seu dispositivo m\u00f3vel ou via mercado ou rede de aplicativos m\u00f3veis.<\/p>\n<h5>Seguran\u00e7a<\/h5>\n<p>Estamos preocupados em proteger a confidencialidade de suas informa\u00e7\u00f5es. Fornecemos prote\u00e7\u00f5es f\u00edsicas, eletr\u00f4nicas e processuais para proteger as informa\u00e7\u00f5es que processamos e mantemos. Por favor, esteja ciente de que, embora nos empenhemos em fornecer seguran\u00e7a razo\u00e1vel para as informa\u00e7\u00f5es que processamos e mantemos, nenhum sistema de seguran\u00e7a pode evitar todas as poss\u00edveis viola\u00e7\u00f5es de seguran\u00e7a.<\/p>\n<h5>Altera\u00e7\u00f5es e Consentimento<\/h5>\n<p>Esta Pol\u00edtica de Privacidade pode ser atualizada de tempos em tempos por qualquer motivo. Toda e qualquer altera\u00e7\u00e3o ser\u00e1 publicada neste mesmo local. Recomenda-se que voc\u00ea consulte esta Pol\u00edtica de Privacidade regularmente para quaisquer altera\u00e7\u00f5es, pois a instala\u00e7\u00e3o do aplicativo \u00e9 considerado como aprova\u00e7\u00e3o de toda aceita\u00e7\u00e3o e as altera\u00e7\u00f5es das condi\u00e7\u00f5es.<\/p>\n<h5>Sobre<\/h5>\n<p>Qualquer d\u00favida ou necessidade de alguma explica\u00e7\u00e3o mais detalhada entre em contato diretamente atrav\u00e9s deste site, na p\u00e1gina de contato voc\u00ea tem um formul\u00e1rio de submiss\u00e3o de mensagem, ou envie um email diretamente para contato@bitbaru.com<\/p>\n<p>&nbsp;<\/p>\n<p>RADIO SYSTEM EQUIPAMENTOS ELETRONICOS LTDA<br \/>\nENDERE\u00c7O:<br \/>\nAVENIDA QUATRO, 1436<br \/>\nSALA03 \u2013 CENTRO<br \/>\nCEP 79.560-000<br \/>\nCHAPADAO DO SUL \u2013 MS<\/p>\n","protected":false},"excerpt":{"rendered":"<p>Essa pol\u00edtica de privacidade se refere aos aplicativos: ROIP OUROSAT TEXSEG Criados por BITBARU.COM Informa\u00e7\u00f5es fornecidas pelo usu\u00e1rio As informa\u00e7\u00f5es fornecidas dentro dos recursos dos aplicativos s\u00e3o armazenadas apenas para funcionamento do aplicativo. Coleta autom\u00e1tica de informa\u00e7\u00f5es Informa\u00e7\u00f5es como estat\u00edsticas de instala\u00e7\u00e3o e utiliza\u00e7\u00e3o s\u00e3o coletadas para relat\u00f3rios estrat\u00e9gicos, sem identifica\u00e7\u00e3o pessoal. Coleta de informa\u00e7\u00f5es [&hellip;]<\/p>\n","protected":false},"author":1,"featured_media":0,"parent":0,"menu_order":0,"comment_status":"closed","ping_status":"closed","template":"","meta":{"site-sidebar-layout":"default","site-content-layout":"","ast-site-content-layout":"default","site-content-style":"default","site-sidebar-style":"default","ast-global-header-display":"","ast-banner-title-visibility":"","ast-main-header-display":"","ast-hfb-above-header-display":"","ast-hfb-below-header-display":"","ast-hfb-mobile-header-display":"","site-post-title":"","ast-breadcrumbs-content":"","ast-featured-img":"","footer-sml-layout":"","ast-disable-related-posts":"","theme-transparent-header-meta":"default","adv-header-id-meta":"","stick-header-meta":"","header-above-stick-meta":"","header-main-stick-meta":"","header-below-stick-meta":"","astra-migrate-meta-layouts":"set","ast-page-background-enabled":"default","ast-page-background-meta":{"desktop":{"background-color":"","background-image":"","background-repeat":"repeat","background-position":"center center","background-size":"auto","background-attachment":"scroll","background-type":"","background-media":"","overlay-type":"","overlay-color":"","overlay-opacity":"","overlay-gradient":""},"tablet":{"background-color":"","background-image":"","background-repeat":"repeat","background-position":"center center","background-size":"auto","background-attachment":"scroll","background-type":"","background-media":"","overlay-type":"","overlay-color":"","overlay-opacity":"","overlay-gradient":""},"mobile":{"background-color":"","background-image":"","background-repeat":"repeat","background-position":"center center","background-size":"auto","background-attachment":"scroll","background-type":"","background-media":"","overlay-type":"","overlay-color":"","overlay-opacity":"","overlay-gradient":""}},"ast-content-background-meta":{"desktop":{"background-color":"var(--ast-global-color-5)","background-image":"","background-repeat":"repeat","background-position":"center center","background-size":"auto","background-attachment":"scroll","background-type":"","background-media":"","overlay-type":"","overlay-color":"","overlay-opacity":"","overlay-gradient":""},"tablet":{"background-color":"var(--ast-global-color-5)","background-image":"","background-repeat":"repeat","background-position":"center center","background-size":"auto","background-attachment":"scroll","background-type":"","background-media":"","overlay-type":"","overlay-color":"","overlay-opacity":"","overlay-gradient":""},"mobile":{"background-color":"var(--ast-global-color-5)","background-image":"","background-repeat":"repeat","background-position":"center center","background-size":"auto","background-attachment":"scroll","background-type":"","background-media":"","overlay-type":"","overlay-color":"","overlay-opacity":"","overlay-gradient":""}},"footnotes":""},"class_list":["post-63206","page","type-page","status-publish","hentry"],"_links":{"self":[{"href":"https:\/\/www.bitbaru.com\/site\/wp-json\/wp\/v2\/pages\/63206","targetHints":{"allow":["GET"]}}],"collection":[{"href":"https:\/\/www.bitbaru.com\/site\/wp-json\/wp\/v2\/pages"}],"about":[{"href":"https:\/\/www.bitbaru.com\/site\/wp-json\/wp\/v2\/types\/page"}],"author":[{"embeddable":true,"href":"https:\/\/www.bitbaru.com\/site\/wp-json\/wp\/v2\/users\/1"}],"replies":[{"embeddable":true,"href":"https:\/\/www.bitbaru.com\/site\/wp-json\/wp\/v2\/comments?post=63206"}],"version-history":[{"count":0,"href":"https:\/\/www.bitbaru.com\/site\/wp-json\/wp\/v2\/pages\/63206\/revisions"}],"wp:attachment":[{"href":"https:\/\/www.bitbaru.com\/site\/wp-json\/wp\/v2\/media?parent=63206"}],"curies":[{"name":"wp","href":"https:\/\/api.w.org\/{rel}","templated":true}]}}