{"id":63181,"date":"2023-12-09T10:43:50","date_gmt":"2023-12-09T13:43:50","guid":{"rendered":"https:\/\/www.bitbaru.com\/site\/?page_id=63181"},"modified":"2026-03-18T16:29:01","modified_gmt":"2026-03-18T19:29:01","slug":"roip-radio-over-ip","status":"publish","type":"page","link":"https:\/\/www.bitbaru.com\/site\/roip-radio-over-ip\/","title":{"rendered":"ROIP (Radio-Over-IP) Link IP Radiocomunica\u00e7\u00e3o Anal\u00f3gica e Digital e Opera\u00e7\u00e3o Remota via App Android iOS PC POC"},"content":{"rendered":"<p><img loading=\"lazy\" decoding=\"async\" class=\"size-full wp-image-63209\" src=\"https:\/\/www.bitbaru.com\/site\/wp-content\/uploads\/2024\/05\/roip_radio_over_ip_zello_raspberry_remotatec_tecnosul_mototrbo_icom_hytera_kenwood_px_echolink-svxlink.jpg\" alt=\"Interoperabilidade ROIP Radiocomunica\u00e7\u00e3o \" width=\"1000\" height=\"439\" srcset=\"https:\/\/www.bitbaru.com\/site\/wp-content\/uploads\/2024\/05\/roip_radio_over_ip_zello_raspberry_remotatec_tecnosul_mototrbo_icom_hytera_kenwood_px_echolink-svxlink.jpg 1000w, https:\/\/www.bitbaru.com\/site\/wp-content\/uploads\/2024\/05\/roip_radio_over_ip_zello_raspberry_remotatec_tecnosul_mototrbo_icom_hytera_kenwood_px_echolink-svxlink-300x132.jpg 300w, https:\/\/www.bitbaru.com\/site\/wp-content\/uploads\/2024\/05\/roip_radio_over_ip_zello_raspberry_remotatec_tecnosul_mototrbo_icom_hytera_kenwood_px_echolink-svxlink-768x337.jpg 768w\" sizes=\"auto, (max-width: 1000px) 100vw, 1000px\" \/><\/p>\n<p style=\"text-align: center;\">Interoperabilidade para radiocomunica\u00e7\u00e3o anal\u00f3gica e digital (qualquer protocolo)<\/p>\n<div style=\"padding: 2vw 2vw; color: #fff; background-color: #483D8B; margin: 0 -4vw;\">\n<h2 style=\"color: #fff;\"><i>O Sistema ROIP em seus projetos<\/i><\/h2>\n<p>Entenda os principais cen\u00e1rios que podem ser beneficiados para economizar investimentos de infra-estrutura, oferecer facilidades, proporcionar seguran\u00e7a e entregar conforto:<\/p>\n<p><strong>Link para radiocomunica\u00e7\u00e3o:<\/strong> voc\u00ea pode utilizar o Sistema ROIP para interligar (via internet &#8211; cabo ou wifi) repetidoras ou comunica\u00e7\u00e3o simplex de radiocomunica\u00e7\u00e3o anal\u00f3gica e\/ou digital, de forma f\u00e1cil e plug-and-play.<\/p>\n<p><strong>Operar Remoto (PTT Remoto):<\/strong> disponibilizar opera\u00e7\u00e3o da comunica\u00e7\u00e3o do r\u00e1dio VHF\/UHF via aplicativo m\u00f3vel (Android e iPhone), computador (MS Windows, Linux e MacOS) ou R\u00e1dios PoC (Hytera, Intelbras, Inrico, Aabree &#8211; qualquer que seja com sistema baseado em Android).<\/p>\n<p><strong>Integra\u00e7\u00e3o com WhatsApp<\/strong>: o primeiro sistema no mundo capaz de integrar bidirecionalmente radiocomunica\u00e7\u00e3o VHF\/UHF e aplicativos de mensagens, entregando mais comodidade e comando aos gestores em cadeias de produ\u00e7\u00e3o agro\/industriais.<\/p>\n<\/div>\n<p>&nbsp;<\/p>\n<h1>GATEWAY ROIP<\/h1>\n<p>No local dentro da \u00e1rea de cobertura de radiocomunica\u00e7\u00e3o dever\u00e1 ser instalado um Gateway ROIP: conjunto composto por um transceptor (esta\u00e7\u00e3o base dedicada configurado na repetidora ou simplex, ou ainda <strong>direto na repetidora<\/strong>) e GATEWAY ROIP, o qual se conecta na internet via cabo (ou wifi). O provedor ROIP (que roda na internet) poder\u00e1 receber conex\u00f5es para opera\u00e7\u00e3o de outros Gateways ROIP (para interligar da fonias das localidades via IP) ou Smartphones, Tablets e Computadores para OPERA\u00c7\u00c3O REMOTA pelo aplicativo.<\/p>\n<p><strong>MONTAGEM COM R\u00c1DIO BASE PARA OPERA\u00c7\u00c3O ANAL\u00d3GICA OU DIGITAL:<\/strong><\/p>\n<p><img loading=\"lazy\" decoding=\"async\" class=\"alignnone size-full wp-image-63185\" src=\"https:\/\/www.bitbaru.com\/site\/wp-content\/uploads\/2023\/12\/diagrama-gateway-roip-motorola-vertex-icom-yaesu-kenwood-radioamador-px-agro-radio-over-ip-free-zello.png\" alt=\"\" width=\"780\" height=\"440\" srcset=\"https:\/\/www.bitbaru.com\/site\/wp-content\/uploads\/2023\/12\/diagrama-gateway-roip-motorola-vertex-icom-yaesu-kenwood-radioamador-px-agro-radio-over-ip-free-zello.png 780w, https:\/\/www.bitbaru.com\/site\/wp-content\/uploads\/2023\/12\/diagrama-gateway-roip-motorola-vertex-icom-yaesu-kenwood-radioamador-px-agro-radio-over-ip-free-zello-300x169.png 300w, https:\/\/www.bitbaru.com\/site\/wp-content\/uploads\/2023\/12\/diagrama-gateway-roip-motorola-vertex-icom-yaesu-kenwood-radioamador-px-agro-radio-over-ip-free-zello-768x433.png 768w\" sizes=\"auto, (max-width: 780px) 100vw, 780px\" \/><\/p>\n<p><strong>MONTAGEM DIRETO NA REPETIDORA (COMERCIAL E BACK-TO-BACK):<\/strong><\/p>\n<p><img loading=\"lazy\" decoding=\"async\" class=\"alignnone size-full wp-image-63311\" src=\"https:\/\/www.bitbaru.com\/site\/wp-content\/uploads\/2025\/05\/diagrama.fw_.repetidor.png\" alt=\"ROIP OPERA\u00c7\u00c3O VIA APP NO REPETIDOR DIGITAL E ANAL\u00d3GICO MOTOROLA HYTERA ICOM KENWOOD VERTEX BAOFENG\" width=\"780\" height=\"440\" srcset=\"https:\/\/www.bitbaru.com\/site\/wp-content\/uploads\/2025\/05\/diagrama.fw_.repetidor.png 780w, https:\/\/www.bitbaru.com\/site\/wp-content\/uploads\/2025\/05\/diagrama.fw_.repetidor-300x169.png 300w, https:\/\/www.bitbaru.com\/site\/wp-content\/uploads\/2025\/05\/diagrama.fw_.repetidor-768x433.png 768w\" sizes=\"auto, (max-width: 780px) 100vw, 780px\" \/><\/p>\n<p><img loading=\"lazy\" decoding=\"async\" class=\"alignnone size-full wp-image-63322\" src=\"https:\/\/www.bitbaru.com\/site\/wp-content\/uploads\/2025\/06\/roip-app-android-ios-iphone-repeater-radio-zello-link-motorola-pro5100-em200-em300-gm300-dem300-dem400-sm50-m120-m130.png\" alt=\"App Operation Internet Repeater Motorola Android and iPhone GM300 M120 M130 DEM300 DEM400 EM200 EM400 PRO5100 PRO3100 SM50\" width=\"780\" height=\"440\" \/><\/p>\n<div style=\"padding: 2vw 2vw; color: #000; background-color: #AAFAB0; margin: 0 -4vw;\">\n<h2>Licen\u00e7as e Custos<\/h2>\n<p style=\"text-align: center;\"><span style=\"color: #008000;\"><em><strong>Usu\u00e1rios via App ROIP s\u00e3o ilimitados e sem mensalidades!<\/strong><\/em><\/span><\/p>\n<p>Ao adquirir o servi\u00e7o de implanta\u00e7\u00e3o do sistema de voz sobre ip de radiocomunica\u00e7\u00e3o, ROIP, n\u00e3o \u00e9 necess\u00e1rio pagar nenhuma outra despesa recorrente (mensalidade, manuten\u00e7\u00e3o, por usu\u00e1rio e etc), podendo ser utilizado sem tempo limite o provedor ROIP da BITBARU.COM, para qualquer quantidade de utilizadores.\n<\/p><\/div>\n<h1>Responsabilidade e Implanta\u00e7\u00e3o<\/h1>\n<p>Fica por parte da empresa incorporadora (ou t\u00e9cnico de radiocomunica\u00e7\u00e3o) realizar a instala\u00e7\u00e3o dos equipamentos que comp\u00f5e o Gateway ROIP em conformidade com as normas t\u00e9cnicas respectivas (cabeamento, antenas, ajustes de ROE e etc), recebendo treinamento e consultoria remota para configura\u00e7\u00e3o dos equipamentos (r\u00e1dios, repetidores e Gateway ROIP).<\/p>\n<p>Tamb\u00e9m, fica a cargo da empresa incorporadora (empresa de radiocomunica\u00e7\u00e3o no local ou t\u00e9cnico de radiocomunica\u00e7\u00e3o) realizar a configura\u00e7\u00e3o dos smartphones, tablets e computadores do usu\u00e1rio final (contando com a consultoria remota da BITBARU.COM).<\/p>\n<p>\u00c9 responsabilidade da BITBARU.COM a instala\u00e7\u00e3o, configura\u00e7\u00e3o e manuten\u00e7\u00e3o para funcionamento de servidores do sistema, atualiza\u00e7\u00f5es de corre\u00e7\u00f5es, assist\u00eancia t\u00e9cnica de garantia e suporte a empresa instaladora (ou t\u00e9cnico) para configura\u00e7\u00e3o de dispositivos e eventuais treinamentos.<\/p>\n<h1>Principais Recursos<\/h1>\n<ul>\n<li>Sem limite de utilizadores via aplicativo<\/li>\n<li>Controle de acesso e registro de acessos dos usu\u00e1rios<\/li>\n<li>Grava\u00e7\u00e3o de Fonia (servi\u00e7o a montado a parte sob demanda)<\/li>\n<li>Log de acessos de usu\u00e1rios<\/li>\n<li>N\u00e3o requer link dedicado, IP fixo ou VPN<\/li>\n<li>N\u00e3o precisa de roteamento de portas (NAT)<\/li>\n<li>Baixo custo de implanta\u00e7\u00e3o e alta flexibilidade<\/li>\n<li>Interoperabilidade de redes anal\u00f3gicas e digitais (qualquer protocolo)<\/li>\n<li>Opera\u00e7\u00e3o remota por aplicativo Android, iOS ou PC<\/li>\n<li>Sistema web gerenciamento, acesso remoto e monitoramento dos Gateways ROIP<\/li>\n<li>N\u00e3o requer infraestrutura de TI (criar servidores e etc)<\/li>\n<\/ul>\n<h1>Custos e Aquisi\u00e7\u00e3o do Sistema<\/h1>\n<p>A empresa de radiocomunica\u00e7\u00e3o (ou t\u00e9cnico) dever\u00e1 adquirir o sistema com a BITBARU.COM, sendo que o valor varia de acordo com cada projeto (quantidade de pontos, suporte necess\u00e1rio, tempo de execu\u00e7\u00e3o e etc).<\/p>\n<p>N\u00e3o est\u00e1 incluso equipamentos de radiocomunica\u00e7\u00e3o (transceptor, antena, fonte de alimenta\u00e7\u00e3o, instala\u00e7\u00e3o).<\/p>\n<p>Este sistema pode ser adaptado e receber novas funcionalidades sob encomenda e contrato de servi\u00e7o para atender demandas espec\u00edficas do cliente final (sendo cobrado a parte).<\/p>\n<p style=\"text-align: center;\">Entre em contato conosco e fa\u00e7a o seu or\u00e7amento!<\/p>\n<p>&nbsp;<\/p>\n<h1>Casos de Uso<\/h1>\n<p>A seguir alguns exemplos de problemas no segmento de radiocomunica\u00e7\u00e3o que podem ser atendidos com a tecnologia ROIP.<\/p>\n<h2>Link IP para Interligar Radiocomunica\u00e7\u00e3o de Localidades<\/h2>\n<p>Utilizado para interligar um canal de fonia (conversa\u00e7\u00e3o) de r\u00e1dio de locais distintos, principalmente quando a dist\u00e2ncia entre os pontos n\u00e3o permite um link direto via r\u00e1dio. Exemplo: Interligar conversa\u00e7\u00e3o (fonia) de duas ou mais fazendas. Vejamos:<\/p>\n<p><a href=\"https:\/\/www.bitbaru.com\/site\/esquema-link-de-repetidoras-motorola-pro5100dem300-dem400-via-internet\/\"><img loading=\"lazy\" decoding=\"async\" class=\"alignnone size-full wp-image-63323\" src=\"https:\/\/www.bitbaru.com\/site\/wp-content\/uploads\/2025\/06\/LINK-IP-REPEATER-REPETIDORA-MOTOROLA-YAESU-KENWOOD-VERTEX-PRO5100-PRO3100-GM300-M120-M130-EM200-EM400-SM50-DEM300-DEM400-ELEKTRA-R2100-MONTEL-ZELLO.jpg\" alt=\"LINK IP REPETIDORAS (REPEATERS) VHF\/UHF VIA INTERNET PRO5100 PRO3100 EM200 EM400 SM50 GM300 M120 M130 DEM300 DEM400 ELEKTRA R2100 MONTEL INTELBRAS POC ZELLO YAESU VERTEX KENWOOD ICOM\" width=\"780\" height=\"440\" \/><\/a><\/p>\n<p>Material necess\u00e1rio em cada local que ser\u00e1 linkado:<\/p>\n<ul>\n<li>Link de Internet<br \/>\nA velocidade necess\u00e1ria a partir de 5 Mbps<br \/>\nPode ser 4G ou 5G de telefonia m\u00f3vel (desde que est\u00e1vel) \u2013 10 Gigas\/m\u00eas<br \/>\nConex\u00e3o via cabo preferencialmente ou WIFI para o Gateway ROIP<br \/>\nN\u00e3o precisa de IP dedicado ou acesso para abrir portas no modem (NAT)<br \/>\n(utiliza\u00e7\u00e3o do servi\u00e7o de provedor ROIP da BITBARU.COM)<\/li>\n<li>01 Equipamento Gateway ROIP<\/li>\n<li>01 Esta\u00e7\u00e3o base fixa ou direto no repetidor via conector de acess\u00f3rios<\/li>\n<\/ul>\n<p style=\"text-align: center;\"><span style=\"color: #ff0000;\"><em>VEJA OS V\u00cdDEOS DOS EXEMPLOS DE INSTALA\u00c7\u00d5ES J\u00c1 REALIZADAS<\/em><\/span><\/p>\n<p>&nbsp;<\/p>\n<h1>Opera\u00e7\u00e3o Remota<\/h1>\n<p>&nbsp;<\/p>\n<p><img loading=\"lazy\" decoding=\"async\" class=\"alignnone size-full wp-image-63324\" src=\"https:\/\/www.bitbaru.com\/site\/wp-content\/uploads\/2025\/06\/central-de-monitoramento.png\" alt=\"despacho remoto central copom cobom opera\u00e7\u00e3o central de opera\u00e7\u00f5es remotatec zello biptt smartptt\" width=\"1140\" height=\"694\" \/><\/p>\n<p><img loading=\"lazy\" decoding=\"async\" class=\"alignleft size-thumbnail wp-image-63187\" src=\"https:\/\/www.bitbaru.com\/site\/wp-content\/uploads\/2023\/12\/console-remote-roip-operacao-remota-radio-ip-150x150.png\" alt=\"\" width=\"150\" height=\"150\" \/>Destinado aos casos em que requer que a opera\u00e7\u00e3o de r\u00e1dio seja realizada remotamente, como por exemplo, uma central de T\u00e1xi, Pol\u00edcia, Bombeiros, Guarda Municipal, SAMU e etc. Este \u00e9 o sistema comercial para despacho remoto com menor custo de implanta\u00e7\u00e3o do Brasil. Solicite ao seu t\u00e9cnico ou empresa de radiocomunica\u00e7\u00e3o para realizar um or\u00e7amento!<\/p>\n<h3>Benef\u00edcios<\/h3>\n<p><strong>Redu\u00e7\u00e3o de custos:<\/strong> em vez de ter que ser instalado uma base de r\u00e1dio em cada unidade (torre, r\u00e1dio, fonte, antena), voc\u00ea poder\u00e1 utilizar o aplicativo ROIP (Android, iOS, Windows, Linux), console de opera\u00e7\u00e3o e r\u00e1dios IP (modelos POC, 3G\/4G\/5G\/WIFI).<\/p>\n<h2>Despachador IP (console de opera\u00e7\u00e3o)<\/h2>\n<p>Recursos e funcionalidades:<\/p>\n<ul>\n<li>Conex\u00e3o via ethernet ou wifi (2.4\/5ghz)<\/li>\n<li>Opera\u00e7\u00e3o com mike de m\u00e3o ou microfone de mesa<\/li>\n<li>Opera\u00e7\u00e3o com headset e ptt de pedal (para centrais de despacho)<\/li>\n<li>Comunica\u00e7\u00e3o sem delay, com baixo consumo de banda<\/li>\n<li>Pode ser utilizado com conex\u00e3o de dados m\u00f3veis ou satelital<\/li>\n<li>Plug-and-play: pronto pra usar, f\u00e1cil configura\u00e7\u00e3o via gerenciador web<\/li>\n<li>N\u00e3o requer instala\u00e7\u00e3o de torres, antenas, fontes e etc<\/li>\n<li>\u00c1udio potente, limpo e claro<\/li>\n<\/ul>\n<p><em>Vejamos uma breve an\u00e1lise:<\/em><\/p>\n<ul>\n<li>Quanto custa uma torre hoje?<\/li>\n<li>Quanto custa um r\u00e1dio base, fonte, antena e etc?<\/li>\n<\/ul>\n<p><strong>Risco ao Operador:<\/strong> redu\u00e7\u00e3o de risco ao operador oriundo da exposi\u00e7\u00e3o a radiofrequ\u00eancia (dano constante a sa\u00fade) e risco fatal por descargas atmosf\u00e9ricas.<\/p>\n<h2>Aplicativo M\u00f3vel (Android, iOS, POC)<\/h2>\n<ul>\n<li>Opera\u00e7\u00e3o por aplicativo m\u00f3vel<\/li>\n<li>Usu\u00e1rios ilimitados e sem mensalidades<\/li>\n<li>Fale no r\u00e1dio atrav\u00e9s do Sistema ROIP utilizando internet<\/li>\n<li>Compat\u00edvel com Android<\/li>\n<li>Compat\u00edvel com linha Apple<\/li>\n<li>Compatibilidade com centrais multim\u00eddia veicular Android<\/li>\n<li>Compatibilidade com equipamentos POC Hytera, Intelbras e etc<\/li>\n<li>Gest\u00e3o de usu\u00e1rios atrav\u00e9s de gerenciador web online e sem custo<\/li>\n<li>Baixo consumo de banda<\/li>\n<li>Comunica\u00e7\u00e3o sem delay<\/li>\n<li>Compat\u00edvel com redes m\u00f3veis, wifi e satelital<\/li>\n<\/ul>\n","protected":false},"excerpt":{"rendered":"<p>Interoperabilidade para radiocomunica\u00e7\u00e3o anal\u00f3gica e digital (qualquer protocolo) O Sistema ROIP em seus projetos Entenda os principais cen\u00e1rios que podem ser beneficiados para economizar investimentos de infra-estrutura, oferecer facilidades, proporcionar seguran\u00e7a e entregar conforto: Link para radiocomunica\u00e7\u00e3o: voc\u00ea pode utilizar o Sistema ROIP para interligar (via internet &#8211; cabo ou wifi) repetidoras ou comunica\u00e7\u00e3o simplex [&hellip;]<\/p>\n","protected":false},"author":1,"featured_media":63209,"parent":0,"menu_order":0,"comment_status":"closed","ping_status":"closed","template":"","meta":{"site-sidebar-layout":"right-sidebar","site-content-layout":"","ast-site-content-layout":"default","site-content-style":"default","site-sidebar-style":"default","ast-global-header-display":"","ast-banner-title-visibility":"disabled","ast-main-header-display":"","ast-hfb-above-header-display":"","ast-hfb-below-header-display":"","ast-hfb-mobile-header-display":"","site-post-title":"disabled","ast-breadcrumbs-content":"disabled","ast-featured-img":"disabled","footer-sml-layout":"","ast-disable-related-posts":"","theme-transparent-header-meta":"default","adv-header-id-meta":"","stick-header-meta":"","header-above-stick-meta":"","header-main-stick-meta":"","header-below-stick-meta":"","astra-migrate-meta-layouts":"set","ast-page-background-enabled":"default","ast-page-background-meta":{"desktop":{"background-color":"","background-image":"","background-repeat":"repeat","background-position":"center center","background-size":"auto","background-attachment":"scroll","background-type":"","background-media":"","overlay-type":"","overlay-color":"","overlay-opacity":"","overlay-gradient":""},"tablet":{"background-color":"","background-image":"","background-repeat":"repeat","background-position":"center center","background-size":"auto","background-attachment":"scroll","background-type":"","background-media":"","overlay-type":"","overlay-color":"","overlay-opacity":"","overlay-gradient":""},"mobile":{"background-color":"","background-image":"","background-repeat":"repeat","background-position":"center center","background-size":"auto","background-attachment":"scroll","background-type":"","background-media":"","overlay-type":"","overlay-color":"","overlay-opacity":"","overlay-gradient":""}},"ast-content-background-meta":{"desktop":{"background-color":"var(--ast-global-color-5)","background-image":"","background-repeat":"repeat","background-position":"center center","background-size":"auto","background-attachment":"scroll","background-type":"","background-media":"","overlay-type":"","overlay-color":"","overlay-opacity":"","overlay-gradient":""},"tablet":{"background-color":"var(--ast-global-color-5)","background-image":"","background-repeat":"repeat","background-position":"center center","background-size":"auto","background-attachment":"scroll","background-type":"","background-media":"","overlay-type":"","overlay-color":"","overlay-opacity":"","overlay-gradient":""},"mobile":{"background-color":"var(--ast-global-color-5)","background-image":"","background-repeat":"repeat","background-position":"center center","background-size":"auto","background-attachment":"scroll","background-type":"","background-media":"","overlay-type":"","overlay-color":"","overlay-opacity":"","overlay-gradient":""}},"footnotes":""},"class_list":["post-63181","page","type-page","status-publish","has-post-thumbnail","hentry"],"_links":{"self":[{"href":"https:\/\/www.bitbaru.com\/site\/wp-json\/wp\/v2\/pages\/63181","targetHints":{"allow":["GET"]}}],"collection":[{"href":"https:\/\/www.bitbaru.com\/site\/wp-json\/wp\/v2\/pages"}],"about":[{"href":"https:\/\/www.bitbaru.com\/site\/wp-json\/wp\/v2\/types\/page"}],"author":[{"embeddable":true,"href":"https:\/\/www.bitbaru.com\/site\/wp-json\/wp\/v2\/users\/1"}],"replies":[{"embeddable":true,"href":"https:\/\/www.bitbaru.com\/site\/wp-json\/wp\/v2\/comments?post=63181"}],"version-history":[{"count":0,"href":"https:\/\/www.bitbaru.com\/site\/wp-json\/wp\/v2\/pages\/63181\/revisions"}],"wp:featuredmedia":[{"embeddable":true,"href":"https:\/\/www.bitbaru.com\/site\/wp-json\/wp\/v2\/media\/63209"}],"wp:attachment":[{"href":"https:\/\/www.bitbaru.com\/site\/wp-json\/wp\/v2\/media?parent=63181"}],"curies":[{"name":"wp","href":"https:\/\/api.w.org\/{rel}","templated":true}]}}