{"id":63150,"date":"2023-09-06T17:04:09","date_gmt":"2023-09-06T20:04:09","guid":{"rendered":"https:\/\/www.bitbaru.com\/site\/?p=63150"},"modified":"2026-02-23T11:49:23","modified_gmt":"2026-02-23T14:49:23","slug":"repetidor-rx-tx-sem-cor-cos-controladora-vox","status":"publish","type":"page","link":"https:\/\/www.bitbaru.com\/site\/repetidor-rx-tx-sem-cor-cos-controladora-vox\/","title":{"rendered":"Placa Interface Controladora Repetidor 2 R\u00e1dios RX TX sem COR (COS\/CSQ)"},"content":{"rendered":"<h1 style=\"text-align: center;\">Controladora de Repetidora<\/h1>\n<h2 style=\"text-align: center;\">Acionamento por som (similar a VOX)<\/h2>\n<p><img loading=\"lazy\" decoding=\"async\" width=\"626\" height=\"377\" class=\"size-full wp-image-63110 aligncenter\" src=\"https:\/\/www.bitbaru.com\/site\/wp-content\/uploads\/2023\/05\/interface-roip-vox-zello-echolink-motorola-gm300-m120-m130-em200-em400-pro5100-4.jpg\" srcset=\"https:\/\/www.bitbaru.com\/site\/wp-content\/uploads\/2023\/05\/interface-roip-vox-zello-echolink-motorola-gm300-m120-m130-em200-em400-pro5100-4.jpg 626w, https:\/\/www.bitbaru.com\/site\/wp-content\/uploads\/2023\/05\/interface-roip-vox-zello-echolink-motorola-gm300-m120-m130-em200-em400-pro5100-4-300x181.jpg 300w\" sizes=\"auto, (max-width: 626px) 100vw, 626px\" \/><\/p>\n<p>&nbsp;<\/p>\n<p style=\"text-align: center;\"><span style=\"color: #ff0000;\"><strong>Envio j\u00e1 com cabos prontos para o modelo que escolher RX e TX.<\/strong><\/span><\/p>\n<p style=\"text-align: center;\"><span style=\"color: #008000;\"><strong>Frete Gr\u00e1tis para qualquer lugar do Brasil!<\/strong><\/span><\/p>\n<p><a href=\"http:\/\/bitbaru.com\/shop\/?add=InterfaceROIPControladoraRPT\" target=\"_blank\" rel=\"noopener noreferrer\"><img loading=\"lazy\" decoding=\"async\" class=\"alignnone wp-image-30099 size-medium aligncenter\" src=\"https:\/\/www.bitbaru.com\/site\/wp-content\/uploads\/2020\/09\/Botao-Comprar-300x93.png\" sizes=\"auto, (max-width: 300px) 100vw, 300px\" srcset=\"https:\/\/www.bitbaru.com\/site\/wp-content\/uploads\/2020\/09\/Botao-Comprar-300x93.png 300w, https:\/\/www.bitbaru.com\/site\/wp-content\/uploads\/2020\/09\/Botao-Comprar.png 501w\" alt=\"COMPRAR\" width=\"300\" height=\"93\" \/><\/a><\/p>\n<div style=\"width: 720px;\" class=\"wp-video\"><video class=\"wp-video-shortcode\" id=\"video-63150-1\" width=\"720\" height=\"1280\" preload=\"metadata\" controls=\"controls\"><source type=\"video\/mp4\" src=\"https:\/\/www.bitbaru.com\/site\/wp-content\/uploads\/2026\/02\/Controladora-vox-repetidora-vhf-uh-radioamador-repeater.mp4?_=1\" \/><a href=\"https:\/\/www.bitbaru.com\/site\/wp-content\/uploads\/2026\/02\/Controladora-vox-repetidora-vhf-uh-radioamador-repeater.mp4\">https:\/\/www.bitbaru.com\/site\/wp-content\/uploads\/2026\/02\/Controladora-vox-repetidora-vhf-uh-radioamador-repeater.mp4<\/a><\/video><\/div>\n<p>&nbsp;<\/p>\n<p>Pensando em atender uma dificuldade recorrente dos radioamadores e radiocomunica\u00e7\u00e3o comercial, desenvolvemos uma placa Controladora VOX (ativa\u00e7\u00e3o por som) para facilitar a montagem de repetidores anal\u00f3gicos convencionais.<\/p>\n<p>A modalidade de repetidor mais simples e convencional \u00e9 a com 2 r\u00e1dios (um para recep\u00e7\u00e3o e um para transmiss\u00e3o), onde ambos s\u00e3o conectados na forma em que ao receptor abrir o Squelch o r\u00e1dio transmissor em outra frequ\u00eancia aciona a transmiss\u00e3o retransmitindo o \u00e1udio recebido pelo receptor. A conex\u00e3o normalmente nos equipamentos necessita que seja aberto o r\u00e1dio receptor e alterado direto na placa l\u00f3gica a procura de um sinal de portadora, algo dif\u00edcil para quem n\u00e3o mexe com eletr\u00f4nica, que causa perda de garantia e o risco de danificar o equipamento durante o procedimento de altera\u00e7\u00f5es.<\/p>\n<p>Com a placa Controladora VOX voc\u00ea n\u00e3o se preocupa em modificar eletronicamente os r\u00e1dios, e \u00e9 poss\u00edvel obter o mesmo resultado, n\u00e3o perdendo qualidade e tendo mais recursos.<\/p>\n<p>Recursos adicionais com a placa Controladora VOX da Bitbaru.com:<\/p>\n<ul>\n<li>Bip de cortesia &#8211; 10 op\u00e7\u00f5es<\/li>\n<li>Controle de tempo m\u00e1ximo de transmiss\u00e3o<\/li>\n<li>Prote\u00e7\u00e3o contra looping de acionamento por RF<\/li>\n<li>Identifica\u00e7\u00e3o por CW &#8211; Telegrafia do Indicativo<\/li>\n<li>Tempo de rabicho ajust\u00e1vel<\/li>\n<\/ul>\n<h2 style=\"text-align: center;\">Software de Configura\u00e7\u00e3o via USB<\/h2>\n<figure id=\"attachment_63363\" aria-describedby=\"caption-attachment-63363\" style=\"width: 365px\" class=\"wp-caption aligncenter\"><img loading=\"lazy\" decoding=\"async\" class=\"size-full wp-image-63363\" src=\"https:\/\/www.bitbaru.com\/site\/wp-content\/uploads\/2025\/11\/software-config-placa-controladora-vox-repeater-arduino-schematic.png\" alt=\"Software de Configura\u00e7\u00e3o Placa Interface Controladora Vox Repetidora VHF UHF\" width=\"365\" height=\"498\" srcset=\"https:\/\/www.bitbaru.com\/site\/wp-content\/uploads\/2025\/11\/software-config-placa-controladora-vox-repeater-arduino-schematic.png 365w, https:\/\/www.bitbaru.com\/site\/wp-content\/uploads\/2025\/11\/software-config-placa-controladora-vox-repeater-arduino-schematic-220x300.png 220w\" sizes=\"auto, (max-width: 365px) 100vw, 365px\" \/><figcaption id=\"caption-attachment-63363\" class=\"wp-caption-text\">Software de Configura\u00e7\u00e3o Placa Interface Controladora Vox Repetidora VHF UHF<\/figcaption><\/figure>\n<p style=\"text-align: center;\"><a href=\"https:\/\/www.bitbaru.com\/downloads\/Controladora_VOX.exe\" target=\"_blank\" rel=\"noopener\"><img loading=\"lazy\" decoding=\"async\" class=\"alignnone size-medium wp-image-63103\" src=\"https:\/\/www.bitbaru.com\/site\/wp-content\/uploads\/2023\/05\/download-bt-300x78.png\" alt=\"Download\" width=\"300\" height=\"78\" srcset=\"https:\/\/www.bitbaru.com\/site\/wp-content\/uploads\/2023\/05\/download-bt-300x78.png 300w, https:\/\/www.bitbaru.com\/site\/wp-content\/uploads\/2023\/05\/download-bt.png 540w\" sizes=\"auto, (max-width: 300px) 100vw, 300px\" \/><\/a><\/p>\n<p style=\"text-align: center;\"><b>Driver USB CH340: baixa aqui <a href=\"https:\/\/cdn.sparkfun.com\/assets\/learn_tutorials\/8\/4\/4\/CH341SER.EXE\">neste link<\/a>.<\/b><\/p>\n<h2><\/h2>\n<h2>EXEMPLO DE INSTRU\u00c7\u00d5ES DE LIGA\u00c7\u00c3O<\/h2>\n<figure id=\"attachment_63156\" aria-describedby=\"caption-attachment-63156\" style=\"width: 2340px\" class=\"wp-caption alignnone\"><img loading=\"lazy\" decoding=\"async\" class=\"size-full wp-image-63156\" src=\"https:\/\/www.bitbaru.com\/site\/wp-content\/uploads\/2023\/09\/INTRUCOES-DE-LIGACAO-repetidora-yaesu-vox-icom-kenwood-vertex-motorola-tait-zello-echolink-mumble-roip.jpg\" alt=\"Instru\u00e7\u00f5es de liga\u00e7\u00e3o\" width=\"2340\" height=\"1432\" srcset=\"https:\/\/www.bitbaru.com\/site\/wp-content\/uploads\/2023\/09\/INTRUCOES-DE-LIGACAO-repetidora-yaesu-vox-icom-kenwood-vertex-motorola-tait-zello-echolink-mumble-roip.jpg 2340w, https:\/\/www.bitbaru.com\/site\/wp-content\/uploads\/2023\/09\/INTRUCOES-DE-LIGACAO-repetidora-yaesu-vox-icom-kenwood-vertex-motorola-tait-zello-echolink-mumble-roip-300x184.jpg 300w, https:\/\/www.bitbaru.com\/site\/wp-content\/uploads\/2023\/09\/INTRUCOES-DE-LIGACAO-repetidora-yaesu-vox-icom-kenwood-vertex-motorola-tait-zello-echolink-mumble-roip-1024x627.jpg 1024w, https:\/\/www.bitbaru.com\/site\/wp-content\/uploads\/2023\/09\/INTRUCOES-DE-LIGACAO-repetidora-yaesu-vox-icom-kenwood-vertex-motorola-tait-zello-echolink-mumble-roip-768x470.jpg 768w, https:\/\/www.bitbaru.com\/site\/wp-content\/uploads\/2023\/09\/INTRUCOES-DE-LIGACAO-repetidora-yaesu-vox-icom-kenwood-vertex-motorola-tait-zello-echolink-mumble-roip-1536x940.jpg 1536w, https:\/\/www.bitbaru.com\/site\/wp-content\/uploads\/2023\/09\/INTRUCOES-DE-LIGACAO-repetidora-yaesu-vox-icom-kenwood-vertex-motorola-tait-zello-echolink-mumble-roip-2048x1253.jpg 2048w\" sizes=\"auto, (max-width: 2340px) 100vw, 2340px\" \/><figcaption id=\"caption-attachment-63156\" class=\"wp-caption-text\">Instru\u00e7\u00f5es de liga\u00e7\u00e3o para uma repetidora com r\u00e1dio Yaesu na transmiss\u00e3o<\/figcaption><\/figure>\n<h2>Pinagem da Placa<\/h2>\n<p><strong>R\u00e1dio TX:<\/strong><br \/>\n#1 &#8211; Microfone do R\u00e1dio (\u00e1udio de TX)<br \/>\n#2 &#8211; Speaker (\u00c1udio de RX)<br \/>\n#3 &#8211; PTT<br \/>\n#4 &#8211; GND \/ Terra \/ Negativo<br \/>\n#5 &#8211; VCC (5~13v)<\/p>\n<p><strong>R\u00e1dio RX (&#8220;PC&#8221;):<\/strong><br \/>\n#1 &#8211; Speaker \/ Sa\u00edda de som<br \/>\n#2 &#8211; n\u00e3o utilizado<br \/>\n#3 &#8211; GND \/ Terra<br \/>\n#4 &#8211; n\u00e3o utilizado<\/p>\n<h3>V\u00eddeos da placa em funcionamento<\/h3>\n<ul>\n<li><a href=\"https:\/\/www.youtube.com\/shorts\/Pjfud9ARblw\" target=\"_blank\" rel=\"noopener\">Repetidor 2x KT-8900<\/a><\/li>\n<li><a href=\"https:\/\/www.youtube.com\/shorts\/bl7d6lQYwGE\" target=\"_blank\" rel=\"noopener\">Repetidora Labre PR (por Renato)<\/a><\/li>\n<li><a href=\"https:\/\/www.youtube.com\/shorts\/vfwFlIMIIpQ?si=3YTab2NOqF5bWhvT\" target=\"_blank\" rel=\"noopener\">Repetidora 2x Yaesu FT-2800<\/a><\/li>\n<li><a href=\"https:\/\/www.youtube.com\/watch?v=GVDMsMlPt70\" target=\"_blank\" rel=\"noopener\">Repetidora com 2x QTY<\/a><\/li>\n<li><a href=\"https:\/\/www.youtube.com\/watch?v=PrSD-kPCMss\" target=\"_blank\" rel=\"noopener\">Repetidora em SC 2x Yaesu FT-2800<\/a><\/li>\n<\/ul>\n","protected":false},"excerpt":{"rendered":"<p>Controladora VOX Frete Gr\u00e1tis todo BR &#8211; R$ 250 pronta com os cabos pro r\u00e1dio que for utilizar<\/p>\n","protected":false},"author":1,"featured_media":63110,"parent":0,"menu_order":0,"comment_status":"closed","ping_status":"closed","template":"","meta":{"site-sidebar-layout":"right-sidebar","site-content-layout":"","ast-site-content-layout":"default","site-content-style":"default","site-sidebar-style":"default","ast-global-header-display":"","ast-banner-title-visibility":"disabled","ast-main-header-display":"","ast-hfb-above-header-display":"","ast-hfb-below-header-display":"","ast-hfb-mobile-header-display":"","site-post-title":"disabled","ast-breadcrumbs-content":"disabled","ast-featured-img":"disabled","footer-sml-layout":"","ast-disable-related-posts":"","theme-transparent-header-meta":"default","adv-header-id-meta":"","stick-header-meta":"","header-above-stick-meta":"","header-main-stick-meta":"","header-below-stick-meta":"","astra-migrate-meta-layouts":"set","ast-page-background-enabled":"default","ast-page-background-meta":{"desktop":{"background-color":"","background-image":"","background-repeat":"repeat","background-position":"center center","background-size":"auto","background-attachment":"scroll","background-type":"","background-media":"","overlay-type":"","overlay-color":"","overlay-opacity":"","overlay-gradient":""},"tablet":{"background-color":"","background-image":"","background-repeat":"repeat","background-position":"center center","background-size":"auto","background-attachment":"scroll","background-type":"","background-media":"","overlay-type":"","overlay-color":"","overlay-opacity":"","overlay-gradient":""},"mobile":{"background-color":"","background-image":"","background-repeat":"repeat","background-position":"center center","background-size":"auto","background-attachment":"scroll","background-type":"","background-media":"","overlay-type":"","overlay-color":"","overlay-opacity":"","overlay-gradient":""}},"ast-content-background-meta":{"desktop":{"background-color":"var(--ast-global-color-5)","background-image":"","background-repeat":"repeat","background-position":"center center","background-size":"auto","background-attachment":"scroll","background-type":"","background-media":"","overlay-type":"","overlay-color":"","overlay-opacity":"","overlay-gradient":""},"tablet":{"background-color":"var(--ast-global-color-5)","background-image":"","background-repeat":"repeat","background-position":"center center","background-size":"auto","background-attachment":"scroll","background-type":"","background-media":"","overlay-type":"","overlay-color":"","overlay-opacity":"","overlay-gradient":""},"mobile":{"background-color":"var(--ast-global-color-5)","background-image":"","background-repeat":"repeat","background-position":"center center","background-size":"auto","background-attachment":"scroll","background-type":"","background-media":"","overlay-type":"","overlay-color":"","overlay-opacity":"","overlay-gradient":""}},"footnotes":""},"class_list":["post-63150","page","type-page","status-publish","has-post-thumbnail","hentry"],"_links":{"self":[{"href":"https:\/\/www.bitbaru.com\/site\/wp-json\/wp\/v2\/pages\/63150","targetHints":{"allow":["GET"]}}],"collection":[{"href":"https:\/\/www.bitbaru.com\/site\/wp-json\/wp\/v2\/pages"}],"about":[{"href":"https:\/\/www.bitbaru.com\/site\/wp-json\/wp\/v2\/types\/page"}],"author":[{"embeddable":true,"href":"https:\/\/www.bitbaru.com\/site\/wp-json\/wp\/v2\/users\/1"}],"replies":[{"embeddable":true,"href":"https:\/\/www.bitbaru.com\/site\/wp-json\/wp\/v2\/comments?post=63150"}],"version-history":[{"count":0,"href":"https:\/\/www.bitbaru.com\/site\/wp-json\/wp\/v2\/pages\/63150\/revisions"}],"wp:featuredmedia":[{"embeddable":true,"href":"https:\/\/www.bitbaru.com\/site\/wp-json\/wp\/v2\/media\/63110"}],"wp:attachment":[{"href":"https:\/\/www.bitbaru.com\/site\/wp-json\/wp\/v2\/media?parent=63150"}],"curies":[{"name":"wp","href":"https:\/\/api.w.org\/{rel}","templated":true}]}}