{"id":3726,"date":"2019-05-22T09:05:23","date_gmt":"2019-05-22T12:05:23","guid":{"rendered":"http:\/\/www.py5bk.net\/site\/?page_id=3726"},"modified":"2024-11-22T10:02:16","modified_gmt":"2024-11-22T13:02:16","slug":"ham-raspberry-server","status":"publish","type":"page","link":"https:\/\/www.bitbaru.com\/site\/ham-raspberry-server\/","title":{"rendered":"HAM Raspberry Server"},"content":{"rendered":"<p style=\"text-align: center;\"><span style=\"color: #ff0000;\"><strong>ESTE \u00c9 UM PROJETO GRATUITO E DESCONTINUIADO PARA RADIOAMADORES E ROBISTAS, N\u00c3O \u00c9 UM PRODUTO COMERCIAL DA BITBARU.COM E N\u00c3O TEM SUPORTE T\u00c9CNICO!<\/strong><\/span><\/p>\n<p><img loading=\"lazy\" decoding=\"async\" width=\"960\" height=\"277\" class=\"alignnone size-full wp-image-3733\" src=\"https:\/\/www.bitbaru.com\/site\/wp-content\/uploads\/2019\/05\/ham-raspberry-server-header.gif\" \/><\/p>\n<p>&nbsp;<\/p>\n<p><iframe loading=\"lazy\" src=\"https:\/\/www.youtube.com\/embed\/Sd3F1VAPt-8\" width=\"560\" height=\"315\" frameborder=\"0\" allowfullscreen=\"allowfullscreen\"><\/iframe><\/p>\n<h1>HAM Raspberry Server<\/h1>\n<h2>APRS, Echolink, SVXLink, Beacon CW e mais!<\/h2>\n<p>Image para microsd de Raspberry Pi para aplica\u00e7\u00f5es radioamadoras:<\/p>\n<p>&#8211; APRS Gateways\/Digi usando\u00a0placa de som;<br \/>\n&#8211; APRS Gateways\/Digi usando USB KISS TNC;<br \/>\n&#8211; APRS RX Gateways usando dongle RTL-SDR;<br \/>\n&#8211; Automatic Radiosonde Receiver (Vaisala RS41\/RS92, Graw, Meteomodem and Intermet);<br \/>\n&#8211; Beacon CW usando GPIO&#8217;s;<br \/>\n&#8211; Esta\u00e7\u00e3o Echolink usando placa de som e GPIO para COR e PTT (SVXLink);<\/p>\n<h2>Configura\u00e7\u00e3o simplificada via navegador web<\/h2>\n<p>A configura\u00e7\u00e3o completa do sistema poder\u00e1 ser realizada acessando em seu navegador o endere\u00e7o\u00a0<a href=\"http:\/\/hamraspsv.local\">http:\/\/hamraspsv.local<\/a> ou diretamente o endere\u00e7o IP do seu raspberry. Ex: http:\/\/192.168.1.5<\/p>\n<h2>Download<\/h2>\n<p><a href=\"https:\/\/bitbaru.com\/downloads\/HamRaspSV_1.0-beta2.zip\"><img loading=\"lazy\" decoding=\"async\" class=\"alignnone size-full wp-image-63103\" src=\"https:\/\/www.bitbaru.com\/site\/wp-content\/uploads\/2023\/05\/download-bt.png\" alt=\"Download\" width=\"540\" height=\"141\" srcset=\"https:\/\/www.bitbaru.com\/site\/wp-content\/uploads\/2023\/05\/download-bt.png 540w, https:\/\/www.bitbaru.com\/site\/wp-content\/uploads\/2023\/05\/download-bt-300x78.png 300w\" sizes=\"auto, (max-width: 540px) 100vw, 540px\" \/><\/a><\/p>\n<h2>Fotos do Painel Web do HAM RASP SV<\/h2>\n<ul>\n<li><a href=\"http:\/\/qsl.net\/py5bk\/hamraspsv\/screenshot-raspberry-svxlink-direwolf-apbk-ham-aprs-server-admin-panel-web01.png\">Foto 1<\/a><\/li>\n<li><a href=\"http:\/\/qsl.net\/py5bk\/hamraspsv\/screenshot-raspberry-svxlink-direwolf-apbk-ham-aprs-server-admin-panel-web02.png\">Foto 2<\/a><\/li>\n<li><a href=\"http:\/\/qsl.net\/py5bk\/hamraspsv\/screenshot-raspberry-svxlink-direwolf-apbk-ham-aprs-server-admin-panel-web03.png\">Foto 3<\/a><\/li>\n<li><a href=\"http:\/\/qsl.net\/py5bk\/hamraspsv\/screenshot-raspberry-svxlink-direwolf-apbk-ham-aprs-server-admin-panel-web04.png\">Foto 4<\/a><\/li>\n<li><a href=\"http:\/\/qsl.net\/py5bk\/hamraspsv\/screenshot-raspberry-svxlink-direwolf-apbk-ham-aprs-server-admin-panel-web05.png\">Foto 5<\/a><\/li>\n<li><a href=\"http:\/\/qsl.net\/py5bk\/hamraspsv\/screenshot-raspberry-svxlink-direwolf-apbk-ham-aprs-server-admin-panel-web06.png\">Foto 6<\/a><\/li>\n<li><a href=\"http:\/\/qsl.net\/py5bk\/hamraspsv\/screenshot-raspberry-svxlink-direwolf-apbk-ham-aprs-server-admin-panel-web07.png\">Foto 7<\/a><\/li>\n<li><a href=\"http:\/\/qsl.net\/py5bk\/hamraspsv\/screenshot-raspberry-svxlink-direwolf-apbk-ham-aprs-server-admin-panel-web08.png\">Foto 8<\/a><\/li>\n<li><a href=\"http:\/\/qsl.net\/py5bk\/hamraspsv\/screenshot-raspberry-svxlink-direwolf-apbk-ham-aprs-server-admin-panel-web09.png\">Foto 9<\/a><\/li>\n<li><a href=\"http:\/\/qsl.net\/py5bk\/hamraspsv\/screenshot-raspberry-svxlink-direwolf-apbk-ham-aprs-server-admin-panel-web10.png\">Foto 10<\/a><\/li>\n<li><a href=\"http:\/\/qsl.net\/py5bk\/hamraspsv\/screenshot-raspberry-svxlink-direwolf-apbk-ham-aprs-server-admin-panel-web11.png\">Foto 11<\/a><\/li>\n<li><a href=\"http:\/\/qsl.net\/py5bk\/hamraspsv\/screenshot-raspberry-svxlink-direwolf-apbk-ham-aprs-server-admin-panel-web12.png\">Foto 12<\/a><\/li>\n<li><a href=\"http:\/\/qsl.net\/py5bk\/hamraspsv\/screenshot-raspberry-svxlink-direwolf-apbk-ham-aprs-server-admin-panel-web13.png\">Foto 13<\/a><\/li>\n<\/ul>\n<p style=\"text-align: center;\"><span style=\"color: #ff0000;\"><strong>ESTE \u00c9 UM PROJETO GRATUITO E DESCONTINUIADO PARA RADIOAMADORES E ROBISTAS, N\u00c3O \u00c9 UM PRODUTO COMERCIAL DA BITBARU.COM E N\u00c3O TEM SUPORTE T\u00c9CNICO!<\/strong><\/span><\/p>\n","protected":false},"excerpt":{"rendered":"<p>ESTE \u00c9 UM PROJETO GRATUITO E DESCONTINUIADO PARA RADIOAMADORES E ROBISTAS, N\u00c3O \u00c9 UM PRODUTO COMERCIAL DA BITBARU.COM E N\u00c3O TEM SUPORTE T\u00c9CNICO! &nbsp; HAM Raspberry Server APRS, Echolink, SVXLink, Beacon CW e mais! Image para microsd de Raspberry Pi para aplica\u00e7\u00f5es radioamadoras: &#8211; APRS Gateways\/Digi usando\u00a0placa de som; &#8211; APRS Gateways\/Digi usando USB KISS [&hellip;]<\/p>\n","protected":false},"author":1,"featured_media":3733,"parent":0,"menu_order":0,"comment_status":"closed","ping_status":"closed","template":"","meta":{"site-sidebar-layout":"default","site-content-layout":"default","ast-site-content-layout":"default","site-content-style":"default","site-sidebar-style":"default","ast-global-header-display":"","ast-banner-title-visibility":"","ast-main-header-display":"","ast-hfb-above-header-display":"","ast-hfb-below-header-display":"","ast-hfb-mobile-header-display":"","site-post-title":"","ast-breadcrumbs-content":"","ast-featured-img":"","footer-sml-layout":"","ast-disable-related-posts":"","theme-transparent-header-meta":"default","adv-header-id-meta":"","stick-header-meta":"","header-above-stick-meta":"","header-main-stick-meta":"","header-below-stick-meta":"","astra-migrate-meta-layouts":"set","ast-page-background-enabled":"default","ast-page-background-meta":{"desktop":{"background-color":"","background-image":"","background-repeat":"repeat","background-position":"center center","background-size":"auto","background-attachment":"scroll","background-type":"","background-media":"","overlay-type":"","overlay-color":"","overlay-opacity":"","overlay-gradient":""},"tablet":{"background-color":"","background-image":"","background-repeat":"repeat","background-position":"center center","background-size":"auto","background-attachment":"scroll","background-type":"","background-media":"","overlay-type":"","overlay-color":"","overlay-opacity":"","overlay-gradient":""},"mobile":{"background-color":"","background-image":"","background-repeat":"repeat","background-position":"center center","background-size":"auto","background-attachment":"scroll","background-type":"","background-media":"","overlay-type":"","overlay-color":"","overlay-opacity":"","overlay-gradient":""}},"ast-content-background-meta":{"desktop":{"background-color":"var(--ast-global-color-5)","background-image":"","background-repeat":"repeat","background-position":"center center","background-size":"auto","background-attachment":"scroll","background-type":"","background-media":"","overlay-type":"","overlay-color":"","overlay-opacity":"","overlay-gradient":""},"tablet":{"background-color":"var(--ast-global-color-5)","background-image":"","background-repeat":"repeat","background-position":"center center","background-size":"auto","background-attachment":"scroll","background-type":"","background-media":"","overlay-type":"","overlay-color":"","overlay-opacity":"","overlay-gradient":""},"mobile":{"background-color":"var(--ast-global-color-5)","background-image":"","background-repeat":"repeat","background-position":"center center","background-size":"auto","background-attachment":"scroll","background-type":"","background-media":"","overlay-type":"","overlay-color":"","overlay-opacity":"","overlay-gradient":""}},"footnotes":""},"class_list":["post-3726","page","type-page","status-publish","has-post-thumbnail","hentry"],"_links":{"self":[{"href":"https:\/\/www.bitbaru.com\/site\/wp-json\/wp\/v2\/pages\/3726","targetHints":{"allow":["GET"]}}],"collection":[{"href":"https:\/\/www.bitbaru.com\/site\/wp-json\/wp\/v2\/pages"}],"about":[{"href":"https:\/\/www.bitbaru.com\/site\/wp-json\/wp\/v2\/types\/page"}],"author":[{"embeddable":true,"href":"https:\/\/www.bitbaru.com\/site\/wp-json\/wp\/v2\/users\/1"}],"replies":[{"embeddable":true,"href":"https:\/\/www.bitbaru.com\/site\/wp-json\/wp\/v2\/comments?post=3726"}],"version-history":[{"count":0,"href":"https:\/\/www.bitbaru.com\/site\/wp-json\/wp\/v2\/pages\/3726\/revisions"}],"wp:featuredmedia":[{"embeddable":true,"href":"https:\/\/www.bitbaru.com\/site\/wp-json\/wp\/v2\/media\/3733"}],"wp:attachment":[{"href":"https:\/\/www.bitbaru.com\/site\/wp-json\/wp\/v2\/media?parent=3726"}],"curies":[{"name":"wp","href":"https:\/\/api.w.org\/{rel}","templated":true}]}}