{"id":37,"date":"2019-01-07T16:50:11","date_gmt":"2019-01-07T19:50:11","guid":{"rendered":"http:\/\/www.py5bk.net\/site\/?page_id=37"},"modified":"2024-06-20T13:55:38","modified_gmt":"2024-06-20T16:55:38","slug":"controladora-p-repetidora","status":"publish","type":"page","link":"https:\/\/www.bitbaru.com\/site\/controladora-p-repetidora\/","title":{"rendered":"Controladora de Repetidora BRAVONIC"},"content":{"rendered":"<h1 style=\"text-align: center;\"><span style=\"color: #ff0000;\"><strong>[DESCONTINUADA]<\/strong><\/span><\/h1>\n<p style=\"text-align: center;\">Confira a nova vers\u00e3o: <a href=\"https:\/\/www.bitbaru.com\/site\/controladora-repetidora-bravonic-v17\/\">Bravonic v1.7<\/a><\/p>\n<p>&nbsp;<\/p>\n<h2 style=\"text-align: center;\">Controladora de Repetidores VHF\/UHF\/Crossband<\/h2>\n<h2 style=\"text-align: center;\"><strong>Opera com at\u00e9 3 R\u00e1dios: RX , TX + Link<\/strong><\/h2>\n<p>\u2013 <strong>20 op\u00e7\u00f5es de beep<\/strong> de cortesia (ou sem);<br \/>\n\u2013 <strong>Configura\u00e7\u00e3o por Software<\/strong> pelo PC usando a conex\u00e3o USB;<br \/>\n\u2013 Configura\u00e7\u00e3o \/ Desabilita\u00e7\u00e3o Remota tamb\u00e9m via <strong>DTMF<\/strong>;<br \/>\n\u2013 Suporte pra Conectividade com PC \/ Raspberry para <strong>Echolink \/ Zello \/ RoIP<\/strong>;<br \/>\n\u2013 Faz tamb\u00e9m <strong>Identifica\u00e7\u00e3o Por Voz \/ Vinheta \/ Grava\u00e7\u00e3o<\/strong> c\/ m\u00f3dulo ISD1820;<br \/>\n\u2013 <strong>Beacon<\/strong> de indicativo em <strong>CW<\/strong> ou com M\u00f3dulo de Grava\u00e7\u00f5es (intervalo configur\u00e1vel);<br \/>\n\u2013 Identifica\u00e7\u00e3o de CW com 3 tonalidades e 6 velocidades dispon\u00edveis;<br \/>\n\u2013\u00a0V\u00e1rias op\u00e7\u00f5es de cad\u00eancia e\u00a0tonalidade de CW configur\u00e1veis;<br \/>\n\u2013 Compat\u00edvel com qualquer m\u00f3dulo (ISD1820, ISD1420 e etc) para fun\u00e7\u00e3o Voice ID \/ vinhetas;<br \/>\n\u2013 Uma<strong> sa\u00edda para acionamento remoto<\/strong> via DTMF (para automa\u00e7\u00f5es usando a repetidora);<br \/>\n\u2013 Uma entrada para <strong>sensor de viola\u00e7\u00e3o<\/strong> que aciona Beep de Alarme no momento e ao fim dos c\u00e2mbios;<br \/>\n\u2013 Tempo Max de TX (<strong>TOT<\/strong>) ajust\u00e1vel (com beeps de alarme antes do corte);<br \/>\n\u2013 Tecnologia de toler\u00e2ncia p\/ transmiss\u00f5es intercortadas;<br \/>\n\u2013 Aceita terceiro r\u00e1dio (LINK) para linkagem da repetidora;<br \/>\n\u2013 <strong>Controle de cooler<\/strong> para desligar ap\u00f3s X segundos ap\u00f3s o fim do TX;<br \/>\n\u2013 Aceita <strong>COR<\/strong> positivo (high) e negativo (LOW);<br \/>\n\u2013 Interface de conex\u00e3o para grava\u00e7\u00f5es personalizadas, an\u00fancios e informa\u00e7\u00e3o de hora\/clima (a cargo do usu\u00e1rio);<br \/>\n\u2013 Fun\u00e7\u00e3o de Toca de Beep Autom\u00e1tica (<strong>Roller Beep<\/strong>);<\/p>\n<h3><em>Software de Configura\u00e7\u00e3o Via USB usando PC\/Notebook<\/em><\/h3>\n<p>A configura\u00e7\u00e3o de todas as funcionalidades pode ser efetuada pelo usu\u00e1rio a qualquer momento utilizando conex\u00e3o USB com a placa e o computador pessoal (windows). As principais op\u00e7\u00f5es (beep, toler\u00e2ncia, indicativo, sa\u00edda e alarme, cooler e etc) podem ser alteradas remotamente via DTMF.<\/p>\n<p><img loading=\"lazy\" decoding=\"async\" class=\"alignnone size-full wp-image-2775\" src=\"https:\/\/www.bitbaru.com\/site\/wp-content\/uploads\/2018\/12\/Software-Controladora-Bravonic-1-Arduino-Repetidora-Atmega328.gif\" alt=\"\" width=\"786\" height=\"609\" \/><\/p>\n","protected":false},"excerpt":{"rendered":"<p>[DESCONTINUADA] Confira a nova vers\u00e3o: Bravonic v1.7 &nbsp; Controladora de Repetidores VHF\/UHF\/Crossband Opera com at\u00e9 3 R\u00e1dios: RX , TX + Link \u2013 20 op\u00e7\u00f5es de beep de cortesia (ou sem); \u2013 Configura\u00e7\u00e3o por Software pelo PC usando a conex\u00e3o USB; \u2013 Configura\u00e7\u00e3o \/ Desabilita\u00e7\u00e3o Remota tamb\u00e9m via DTMF; \u2013 Suporte pra Conectividade com PC [&hellip;]<\/p>\n","protected":false},"author":1,"featured_media":1027,"parent":0,"menu_order":0,"comment_status":"closed","ping_status":"closed","template":"","meta":{"site-sidebar-layout":"right-sidebar","site-content-layout":"default","ast-site-content-layout":"default","site-content-style":"default","site-sidebar-style":"default","ast-global-header-display":"","ast-banner-title-visibility":"","ast-main-header-display":"","ast-hfb-above-header-display":"","ast-hfb-below-header-display":"","ast-hfb-mobile-header-display":"","site-post-title":"disabled","ast-breadcrumbs-content":"","ast-featured-img":"","footer-sml-layout":"","ast-disable-related-posts":"","theme-transparent-header-meta":"default","adv-header-id-meta":"","stick-header-meta":"","header-above-stick-meta":"","header-main-stick-meta":"","header-below-stick-meta":"","astra-migrate-meta-layouts":"set","ast-page-background-enabled":"default","ast-page-background-meta":{"desktop":{"background-color":"","background-image":"","background-repeat":"repeat","background-position":"center center","background-size":"auto","background-attachment":"scroll","background-type":"","background-media":"","overlay-type":"","overlay-color":"","overlay-opacity":"","overlay-gradient":""},"tablet":{"background-color":"","background-image":"","background-repeat":"repeat","background-position":"center center","background-size":"auto","background-attachment":"scroll","background-type":"","background-media":"","overlay-type":"","overlay-color":"","overlay-opacity":"","overlay-gradient":""},"mobile":{"background-color":"","background-image":"","background-repeat":"repeat","background-position":"center center","background-size":"auto","background-attachment":"scroll","background-type":"","background-media":"","overlay-type":"","overlay-color":"","overlay-opacity":"","overlay-gradient":""}},"ast-content-background-meta":{"desktop":{"background-color":"var(--ast-global-color-5)","background-image":"","background-repeat":"repeat","background-position":"center center","background-size":"auto","background-attachment":"scroll","background-type":"","background-media":"","overlay-type":"","overlay-color":"","overlay-opacity":"","overlay-gradient":""},"tablet":{"background-color":"var(--ast-global-color-5)","background-image":"","background-repeat":"repeat","background-position":"center center","background-size":"auto","background-attachment":"scroll","background-type":"","background-media":"","overlay-type":"","overlay-color":"","overlay-opacity":"","overlay-gradient":""},"mobile":{"background-color":"var(--ast-global-color-5)","background-image":"","background-repeat":"repeat","background-position":"center center","background-size":"auto","background-attachment":"scroll","background-type":"","background-media":"","overlay-type":"","overlay-color":"","overlay-opacity":"","overlay-gradient":""}},"footnotes":""},"class_list":["post-37","page","type-page","status-publish","has-post-thumbnail","hentry"],"_links":{"self":[{"href":"https:\/\/www.bitbaru.com\/site\/wp-json\/wp\/v2\/pages\/37","targetHints":{"allow":["GET"]}}],"collection":[{"href":"https:\/\/www.bitbaru.com\/site\/wp-json\/wp\/v2\/pages"}],"about":[{"href":"https:\/\/www.bitbaru.com\/site\/wp-json\/wp\/v2\/types\/page"}],"author":[{"embeddable":true,"href":"https:\/\/www.bitbaru.com\/site\/wp-json\/wp\/v2\/users\/1"}],"replies":[{"embeddable":true,"href":"https:\/\/www.bitbaru.com\/site\/wp-json\/wp\/v2\/comments?post=37"}],"version-history":[{"count":0,"href":"https:\/\/www.bitbaru.com\/site\/wp-json\/wp\/v2\/pages\/37\/revisions"}],"wp:featuredmedia":[{"embeddable":true,"href":"https:\/\/www.bitbaru.com\/site\/wp-json\/wp\/v2\/media\/1027"}],"wp:attachment":[{"href":"https:\/\/www.bitbaru.com\/site\/wp-json\/wp\/v2\/media?parent=37"}],"curies":[{"name":"wp","href":"https:\/\/api.w.org\/{rel}","templated":true}]}}