{"id":32,"date":"2019-01-07T16:45:32","date_gmt":"2019-01-07T19:45:32","guid":{"rendered":"http:\/\/www.py5bk.net\/site\/?page_id=32"},"modified":"2021-10-13T17:27:30","modified_gmt":"2021-10-13T20:27:30","slug":"aprs-kiss-tnc","status":"publish","type":"page","link":"https:\/\/www.bitbaru.com\/site\/aprs-kiss-tnc\/","title":{"rendered":"APRS KISS TNC (DESCONTINUADO)"},"content":{"rendered":"<p style=\"text-align: center;\"><strong>ESTE PROJETO FOI DESCONTINUADO POR TER SIDO SUBSTITU\u00cdDO PELA <\/strong><a href=\"https:\/\/www.bitbaru.com\/site\/digipeater-aprs\/\"><strong>BRAVODIGI<\/strong><\/a><\/p>\n<p><img loading=\"lazy\" decoding=\"async\" class=\"alignnone size-large wp-image-1755 aligncenter\" src=\"https:\/\/www.bitbaru.com\/site\/wp-content\/uploads\/2018\/10\/aprs-kiss-tnc-py5bk-20181003_180251-1-928x1024.jpg\" sizes=\"auto, (max-width: 525px) 100vw, 525px\" srcset=\"https:\/\/www.bitbaru.com\/site\/wp-content\/uploads\/2018\/10\/aprs-kiss-tnc-py5bk-20181003_180251-1-928x1024.jpg 928w, https:\/\/www.bitbaru.com\/site\/wp-content\/uploads\/2018\/10\/aprs-kiss-tnc-py5bk-20181003_180251-1-272x300.jpg 272w, https:\/\/www.bitbaru.com\/site\/wp-content\/uploads\/2018\/10\/aprs-kiss-tnc-py5bk-20181003_180251-1-768x847.jpg 768w\" alt=\"\" width=\"525\" height=\"579\" \/><\/p>\n<p style=\"text-align: center;\"><iframe loading=\"lazy\" src=\"https:\/\/www.youtube.com\/embed\/hDTDXnhj_h4\" width=\"560\" height=\"315\" frameborder=\"0\" allowfullscreen=\"allowfullscreen\"><\/iframe><\/p>\n<p>O KISS TNC \u00e9 um projeto baseado sob o popular microprocessador ATMega328p (Arduino) com fins educacionais open-source para utiliza\u00e7\u00e3o em redes APRS AFSK 1200-bauds.<\/p>\n<p>Com este modem de alta qualidade \u00e9 poss\u00edvel a opera\u00e7\u00e3o APRS \u2013 em todos os seus recursos \u2013 totalmente via RF. O KISS TNC \u2013 devidamente conectado no r\u00e1dio e via USB ou Bluetooth ao PC, CELULAR, TABLET ou RASPBERRY \u2013 suporta as opera\u00e7\u00f5es\u00a0 de digipeater, geo localiza\u00e7\u00e3o (rastreamento), telemetria, mensagens e etc) dependendo-se apenas do software escolhido para oper\u00e1-lo.<\/p>\n<p>Em dispositivos Android o melhor app para utilizar o seu KISS TNC \u00e9 o <a href=\"https:\/\/aprsdroid.org\/\" target=\"_blank\" rel=\"noopener noreferrer\">APRSDroid<\/a>. que permite opera\u00e7\u00e3o completa de APRS conectado ao seu KISS TNC via USB ou Bluetooth.\u00a0<a href=\"https:\/\/www.bitbaru.com\/site\/ham-raspberry-server\/\">BAIXE NOSSA IMAGEM RASPBERRY PRONTA<\/a> para montagem de igates\/digipeaters usando KISS TNC.<\/p>\n<p><em><strong>Esta vers\u00e3o do projeto KISS TNC (aqui apresentada) j\u00e1 oferece suporte a implementa\u00e7\u00e3o do m\u00f3dulo bluetooth HC-06 para opera\u00e7\u00e3o com Smartphones \/ Tablets.<\/strong><\/em><\/p>\n<p><strong>Este modem basea-se em um projeto singular chamado Mobilinkd, que apresenta um algor\u00edtimo de extrema clareza e versatilidade com o percetual de sucesso na decodifica\u00e7\u00e3o de pacotes superior aos 90%.<\/strong><\/p>\n<p>Excelente para ser utilizado para montagem de igate \/ gate \/ digipeater utilizando os softwares UI-View 32, Xastir, APRX e etc. <a href=\"https:\/\/www.bitbaru.com\/site\/ham-raspberry-server\/\">BAIXE NOSSA IMAGEM RASPBERRY PRONTA<\/a> para montagem de igates\/digipeaters usando KISS TNC.<\/p>\n<h2>Firmware<\/h2>\n<p>Download do Firmware: <a href=\"https:\/\/www.bitbaru.com\/site\/wp-content\/uploads\/2018\/03\/firmware.hex_.zip\" target=\"_blank\" rel=\"noopener noreferrer\">[DOWNLOAD]<\/a><\/p>\n<p><strong>O firmware pode ser carregado para o Arduino:<\/strong><\/p>\n<p>Usu\u00e1rios Windows: utilizando o software <a href=\"https:\/\/www.bitbaru.com\/site\/wp-content\/uploads\/2018\/04\/XLoader.zip\">XLoader<\/a> setando ATMega328p, 57600.<\/p>\n<p>Usu\u00e1rios Linux: instale o avrdude, e pelo terminal execute o comando:<\/p>\n<pre><em>avrdude -c arduino -p m328p -P \/dev\/ttyUSB0 -b 57600 -U firmware.hex<\/em>\r\n<\/pre>\n<p>Onde deve-se atentar em informar a porta serial correta (ttyUSBx).<\/p>\n<h2>Fotos do KISS TNC by PY5BK<\/h2>\n<p><a href=\"https:\/\/www.bitbaru.com\/site\/wp-content\/uploads\/2018\/10\/aprs-kiss-tnc-py5bk-20181003_180306.jpg\"><img loading=\"lazy\" decoding=\"async\" class=\"alignleft size-thumbnail wp-image-1757\" src=\"https:\/\/www.bitbaru.com\/site\/wp-content\/uploads\/2018\/10\/aprs-kiss-tnc-py5bk-20181003_180306-150x150.jpg\" sizes=\"auto, (max-width: 150px) 100vw, 150px\" srcset=\"https:\/\/www.bitbaru.com\/site\/wp-content\/uploads\/2018\/10\/aprs-kiss-tnc-py5bk-20181003_180306-150x150.jpg 150w, https:\/\/www.bitbaru.com\/site\/wp-content\/uploads\/2018\/10\/aprs-kiss-tnc-py5bk-20181003_180306-100x100.jpg 100w\" alt=\"\" width=\"150\" height=\"150\" \/><\/a><a href=\"https:\/\/www.bitbaru.com\/site\/wp-content\/uploads\/2018\/10\/aprs-kiss-tnc-py5bk-20181003_180251-1.jpg\"><img loading=\"lazy\" decoding=\"async\" class=\"alignleft size-thumbnail wp-image-1755\" src=\"https:\/\/www.bitbaru.com\/site\/wp-content\/uploads\/2018\/10\/aprs-kiss-tnc-py5bk-20181003_180251-1-150x150.jpg\" sizes=\"auto, (max-width: 150px) 100vw, 150px\" srcset=\"https:\/\/www.bitbaru.com\/site\/wp-content\/uploads\/2018\/10\/aprs-kiss-tnc-py5bk-20181003_180251-1-150x150.jpg 150w, https:\/\/www.bitbaru.com\/site\/wp-content\/uploads\/2018\/10\/aprs-kiss-tnc-py5bk-20181003_180251-1-100x100.jpg 100w\" alt=\"\" width=\"150\" height=\"150\" \/><\/a><a href=\"https:\/\/www.bitbaru.com\/site\/wp-content\/uploads\/2018\/10\/aprs-kiss-tnc-py5bk-20181003_130432-1.jpg\"><img loading=\"lazy\" decoding=\"async\" class=\"alignleft size-thumbnail wp-image-1754\" src=\"https:\/\/www.bitbaru.com\/site\/wp-content\/uploads\/2018\/10\/aprs-kiss-tnc-py5bk-20181003_130432-1-150x150.jpg\" sizes=\"auto, (max-width: 150px) 100vw, 150px\" srcset=\"https:\/\/www.bitbaru.com\/site\/wp-content\/uploads\/2018\/10\/aprs-kiss-tnc-py5bk-20181003_130432-1-150x150.jpg 150w, https:\/\/www.bitbaru.com\/site\/wp-content\/uploads\/2018\/10\/aprs-kiss-tnc-py5bk-20181003_130432-1-100x100.jpg 100w\" alt=\"\" width=\"150\" height=\"150\" \/><\/a><a href=\"https:\/\/www.bitbaru.com\/site\/wp-content\/uploads\/2018\/10\/aprs-kiss-tnc-py5bk-20181003_130422-1.jpg\"><img loading=\"lazy\" decoding=\"async\" class=\"alignnone size-thumbnail wp-image-1753\" src=\"https:\/\/www.bitbaru.com\/site\/wp-content\/uploads\/2018\/10\/aprs-kiss-tnc-py5bk-20181003_130422-1-150x150.jpg\" sizes=\"auto, (max-width: 150px) 100vw, 150px\" srcset=\"https:\/\/www.bitbaru.com\/site\/wp-content\/uploads\/2018\/10\/aprs-kiss-tnc-py5bk-20181003_130422-1-150x150.jpg 150w, https:\/\/www.bitbaru.com\/site\/wp-content\/uploads\/2018\/10\/aprs-kiss-tnc-py5bk-20181003_130422-1-100x100.jpg 100w\" alt=\"\" width=\"150\" height=\"150\" \/><\/a><\/p>\n<p>&nbsp;<\/p>\n<p><strong>Ao utilizar este KISS TNC, lembre-se que a velocidade da porta serial \u00e9 38400 8N1.<\/strong><\/p>\n<h1>Links \u00fateis de tutoriais para utiliza\u00e7\u00e3o de KISS TNC:<\/h1>\n<p><a href=\"https:\/\/www.bitbaru.com\/site\/ham-raspberry-server\/\">BAIXE NOSSA IMAGEM RASPBERRY PRONTA<\/a> para montagem de igates\/digipeaters usando KISS TNC.<\/p>\n<p>Software Win\/Linux p\/ montar iGate\/Digipeater:<br \/>\n<a href=\"http:\/\/www.pakettiradio.net\/aprsg\/\" target=\"_blank\" rel=\"noopener noreferrer\">http:\/\/www.pakettiradio.net\/aprsg\/<\/a><\/p>\n<p>Montagem de iGate utilizando KISS TNC:<br \/>\n<a href=\"http:\/\/www.radio.cc\/post\/aprs-igate-with-raspberr-pi-setup\">http:\/\/www.radio.cc\/post\/aprs-igate-with-raspberr-pi-setup<\/a><\/p>\n<p>Sistema APRX (para montar igate \/ gates \/ digipeater):<br \/>\n<a href=\"http:\/\/thelifeofkenneth.com\/aprx\/\">http:\/\/thelifeofkenneth.com\/aprx\/<\/a><\/p>\n<p>Imagem da Configura\u00e7\u00e3o deste KISS TNC como iGate no Xastir:<br \/>\n<a href=\"https:\/\/www.bitbaru.com\/site\/wp-content\/uploads\/2018\/03\/Xastir-KISS-TNC-Digipeater-iGate-Example.gif\">https:\/\/www.bitbaru.com\/site\/wp-content\/uploads\/2018\/03\/Xastir-KISS-TNC-Digipeater-iGate-Example.gif<\/a><\/p>\n<p>&nbsp;<\/p>\n<h1><strong>Voc\u00ea sabia? A BravoDIGI (digipeater) tamb\u00e9m pode operar como KISS TNC<\/strong><\/h1>\n<p><a href=\"https:\/\/www.bitbaru.com\/site\/digipeater-aprs\/\">Clique aqui para saber mais sobre a BravoDIGI.<\/a><\/p>\n","protected":false},"excerpt":{"rendered":"<p>ESTE PROJETO FOI DESCONTINUADO POR TER SIDO SUBSTITU\u00cdDO PELA BRAVODIGI O KISS TNC \u00e9 um projeto baseado sob o popular microprocessador ATMega328p (Arduino) com fins educacionais open-source para utiliza\u00e7\u00e3o em redes APRS AFSK 1200-bauds. Com este modem de alta qualidade \u00e9 poss\u00edvel a opera\u00e7\u00e3o APRS \u2013 em todos os seus recursos \u2013 totalmente via RF. [&hellip;]<\/p>\n","protected":false},"author":1,"featured_media":34,"parent":0,"menu_order":0,"comment_status":"closed","ping_status":"closed","template":"","meta":{"site-sidebar-layout":"default","site-content-layout":"default","ast-site-content-layout":"default","site-content-style":"default","site-sidebar-style":"default","ast-global-header-display":"","ast-banner-title-visibility":"","ast-main-header-display":"","ast-hfb-above-header-display":"","ast-hfb-below-header-display":"","ast-hfb-mobile-header-display":"","site-post-title":"","ast-breadcrumbs-content":"","ast-featured-img":"","footer-sml-layout":"","ast-disable-related-posts":"","theme-transparent-header-meta":"default","adv-header-id-meta":"","stick-header-meta":"","header-above-stick-meta":"","header-main-stick-meta":"","header-below-stick-meta":"","astra-migrate-meta-layouts":"default","ast-page-background-enabled":"default","ast-page-background-meta":{"desktop":{"background-color":"","background-image":"","background-repeat":"repeat","background-position":"center center","background-size":"auto","background-attachment":"scroll","background-type":"","background-media":"","overlay-type":"","overlay-color":"","overlay-opacity":"","overlay-gradient":""},"tablet":{"background-color":"","background-image":"","background-repeat":"repeat","background-position":"center center","background-size":"auto","background-attachment":"scroll","background-type":"","background-media":"","overlay-type":"","overlay-color":"","overlay-opacity":"","overlay-gradient":""},"mobile":{"background-color":"","background-image":"","background-repeat":"repeat","background-position":"center center","background-size":"auto","background-attachment":"scroll","background-type":"","background-media":"","overlay-type":"","overlay-color":"","overlay-opacity":"","overlay-gradient":""}},"ast-content-background-meta":{"desktop":{"background-color":"var(--ast-global-color-5)","background-image":"","background-repeat":"repeat","background-position":"center center","background-size":"auto","background-attachment":"scroll","background-type":"","background-media":"","overlay-type":"","overlay-color":"","overlay-opacity":"","overlay-gradient":""},"tablet":{"background-color":"var(--ast-global-color-5)","background-image":"","background-repeat":"repeat","background-position":"center center","background-size":"auto","background-attachment":"scroll","background-type":"","background-media":"","overlay-type":"","overlay-color":"","overlay-opacity":"","overlay-gradient":""},"mobile":{"background-color":"var(--ast-global-color-5)","background-image":"","background-repeat":"repeat","background-position":"center center","background-size":"auto","background-attachment":"scroll","background-type":"","background-media":"","overlay-type":"","overlay-color":"","overlay-opacity":"","overlay-gradient":""}},"footnotes":""},"class_list":["post-32","page","type-page","status-publish","has-post-thumbnail","hentry"],"_links":{"self":[{"href":"https:\/\/www.bitbaru.com\/site\/wp-json\/wp\/v2\/pages\/32","targetHints":{"allow":["GET"]}}],"collection":[{"href":"https:\/\/www.bitbaru.com\/site\/wp-json\/wp\/v2\/pages"}],"about":[{"href":"https:\/\/www.bitbaru.com\/site\/wp-json\/wp\/v2\/types\/page"}],"author":[{"embeddable":true,"href":"https:\/\/www.bitbaru.com\/site\/wp-json\/wp\/v2\/users\/1"}],"replies":[{"embeddable":true,"href":"https:\/\/www.bitbaru.com\/site\/wp-json\/wp\/v2\/comments?post=32"}],"version-history":[{"count":0,"href":"https:\/\/www.bitbaru.com\/site\/wp-json\/wp\/v2\/pages\/32\/revisions"}],"wp:featuredmedia":[{"embeddable":true,"href":"https:\/\/www.bitbaru.com\/site\/wp-json\/wp\/v2\/media\/34"}],"wp:attachment":[{"href":"https:\/\/www.bitbaru.com\/site\/wp-json\/wp\/v2\/media?parent=32"}],"curies":[{"name":"wp","href":"https:\/\/api.w.org\/{rel}","templated":true}]}}