{"id":29598,"date":"2020-09-04T14:57:04","date_gmt":"2020-09-04T17:57:04","guid":{"rendered":"https:\/\/www.bitbaru.com\/site\/?page_id=29598"},"modified":"2026-02-26T07:13:24","modified_gmt":"2026-02-26T10:13:24","slug":"placa-controladora-repetidora-simples","status":"publish","type":"page","link":"https:\/\/www.bitbaru.com\/site\/placa-controladora-repetidora-simples\/","title":{"rendered":"Placa Controladora Repetidora Simples"},"content":{"rendered":"<h3 style=\"text-align: center;\"><em>Simples como voc\u00ea quer, completa como voc\u00ea precisa!<\/em><\/h3>\n<p><img loading=\"lazy\" decoding=\"async\" width=\"586\" height=\"425\" class=\"alignnone size-full wp-image-63223\" src=\"https:\/\/www.bitbaru.com\/site\/wp-content\/uploads\/2024\/05\/placa-controladora-repetidora-motorola-yaesu-vertex-kenwood-icom-arduino-attiny-attiny85-digispark-schematic-esquema-removebg-preview.png\" srcset=\"https:\/\/www.bitbaru.com\/site\/wp-content\/uploads\/2024\/05\/placa-controladora-repetidora-motorola-yaesu-vertex-kenwood-icom-arduino-attiny-attiny85-digispark-schematic-esquema-removebg-preview.png 586w, https:\/\/www.bitbaru.com\/site\/wp-content\/uploads\/2024\/05\/placa-controladora-repetidora-motorola-yaesu-vertex-kenwood-icom-arduino-attiny-attiny85-digispark-schematic-esquema-removebg-preview-300x218.png 300w\" sizes=\"auto, (max-width: 586px) 100vw, 586px\" \/><\/p>\n<p>CONTROLADORA DE REPETIDORA MODELO SIMPLES RX TX (Link Opcional)<\/p>\n<p>&#8211; Configur\u00e1vel via PC por USB<br \/>\n&#8211; 9 op\u00e7\u00f5es de Beep de Cortesia ou Sem Bip<br \/>\n&#8211; Identifica\u00e7\u00e3o por CW<br \/>\n&#8211; Velocidades de CW e Tonalidades ajust\u00e1veis<br \/>\n&#8211; Fun\u00e7\u00e3o Bip Rotativo<br \/>\n&#8211; Ajuste de Tempo de Rabicho<br \/>\n&#8211; Controle de Tempo M\u00e1ximo de Transmiss\u00e3o<br \/>\n&#8211; Aceita COR Positivo e Negativo<br \/>\n&#8211; Ajuste de volumes por trimpot<br \/>\n&#8211; F\u00e1cil reposi\u00e7\u00e3o de componentes<br \/>\n&#8211; Baix\u00edssimo consumo energ\u00e9tico<br \/>\n&#8211; Design compacto e produ\u00e7\u00e3o industrial<br \/>\n&#8211; PRE\u00c7O MAIS BAIXO DO MERCADO<br \/>\n&#8211; Pode trabalhar com r\u00e1dio LINK<br \/>\n&#8211; Prote\u00e7\u00e3o Anti-Loop RF e Travamento<br \/>\n&#8211; N\u00e3o recebe comandos remotos via DTMF (veja a <a href=\"https:\/\/www.bitbaru.com\/site\/controladora-p-repetidora\/\">BRAVONIC<\/a>)<br \/>\n&#8211; Sa\u00edda Controle de M\u00f3dulo Rel\u00ea p\/ Cooler<br \/>\n&#8211; M\u00f3dulo de Conex\u00e3o para fazer Link IP e Opera\u00e7\u00e3o Remota pelo celular (m\u00f3dulo adicional a parte);<\/p>\n<h2>Programa de Configura\u00e7\u00e3o da Placa via USB<\/h2>\n<p><center><br \/>\n<img decoding=\"async\" src=\"https:\/\/www.bitbaru.com\/site\/wp-content\/uploads\/2025\/02\/controladora-repetidora-motorola-attiny85-arduino-schematic-repeater-windows-echolink-rx-tx-link-bitbaru.png\" alt=\"Controladora Simples Software\" \/><\/center>&nbsp;<\/p>\n<p>&nbsp;<\/p>\n<p><img loading=\"lazy\" decoding=\"async\" class=\"alignnone size-full wp-image-30018\" src=\"https:\/\/www.bitbaru.com\/site\/wp-content\/uploads\/2020\/09\/esquema-ligacao-controladora-gm300-m120-m130-maxtrac-sm50-sm60-pro5100-pro3100-dem200-dem400.jpg\" alt=\"\" width=\"660\" height=\"440\" srcset=\"https:\/\/www.bitbaru.com\/site\/wp-content\/uploads\/2020\/09\/esquema-ligacao-controladora-gm300-m120-m130-maxtrac-sm50-sm60-pro5100-pro3100-dem200-dem400.jpg 660w, https:\/\/www.bitbaru.com\/site\/wp-content\/uploads\/2020\/09\/esquema-ligacao-controladora-gm300-m120-m130-maxtrac-sm50-sm60-pro5100-pro3100-dem200-dem400-300x200.jpg 300w\" sizes=\"auto, (max-width: 660px) 100vw, 660px\" \/><\/p>\n<h2>Conex\u00e3o do R\u00e1dio Link (novas vers\u00f5es)<\/h2>\n<p>Esta conex\u00e3o serve para adicionar um terceiro transceptor para opera\u00e7\u00e3o em LINK. Esta interface \u00e9 homologada e testada para transceptores anal\u00f3gicos tradicionais Motorola, sendo que pode ser adaptada para outros fabricantes.<\/p>\n<p>Pino #1 &#8211; PTT do Link (3)<br \/>\nPino #2 &#8211; COR LOW do Link (8)<br \/>\nPino #3 &#8211; Mic do Link (2)<br \/>\nPino #4 &#8211; \u00c1udio de RX (11)<br \/>\nPino # 5 &#8211; GND (7)<\/p>\n<p><a href=\"https:\/\/www.bitbaru.com\/site\/wp-content\/uploads\/2026\/02\/placa-controladora-simples-repeater-controller-arduino-digispark-attiny85-3-scaled.png\"><img loading=\"lazy\" decoding=\"async\" class=\"alignleft size-thumbnail wp-image-63425\" src=\"https:\/\/www.bitbaru.com\/site\/wp-content\/uploads\/2026\/02\/placa-controladora-simples-repeater-controller-arduino-digispark-attiny85-3-150x150.png\" alt=\"\" width=\"150\" height=\"150\" \/><\/a> <a href=\"https:\/\/www.bitbaru.com\/site\/wp-content\/uploads\/2026\/02\/placa-controladora-simples-repeater-controller-arduino-digispark-attiny85-2.png\"><img loading=\"lazy\" decoding=\"async\" class=\"alignleft size-thumbnail wp-image-63424\" src=\"https:\/\/www.bitbaru.com\/site\/wp-content\/uploads\/2026\/02\/placa-controladora-simples-repeater-controller-arduino-digispark-attiny85-2-150x150.png\" alt=\"\" width=\"150\" height=\"150\" \/><\/a> <a href=\"https:\/\/www.bitbaru.com\/site\/wp-content\/uploads\/2026\/02\/placa-controladora-simples-repeater-controller-arduino-digispark-attiny85-1.png\"><img loading=\"lazy\" decoding=\"async\" class=\"alignleft size-thumbnail wp-image-63423\" src=\"https:\/\/www.bitbaru.com\/site\/wp-content\/uploads\/2026\/02\/placa-controladora-simples-repeater-controller-arduino-digispark-attiny85-1-150x150.png\" alt=\"\" width=\"150\" height=\"150\" \/><\/a><\/p>\n","protected":false},"excerpt":{"rendered":"<p>Simples como voc\u00ea quer, completa como voc\u00ea precisa! CONTROLADORA DE REPETIDORA MODELO SIMPLES RX TX (Link Opcional) &#8211; Configur\u00e1vel via PC por USB &#8211; 9 op\u00e7\u00f5es de Beep de Cortesia ou Sem Bip &#8211; Identifica\u00e7\u00e3o por CW &#8211; Velocidades de CW e Tonalidades ajust\u00e1veis &#8211; Fun\u00e7\u00e3o Bip Rotativo &#8211; Ajuste de Tempo de Rabicho &#8211; [&hellip;]<\/p>\n","protected":false},"author":1,"featured_media":63424,"parent":0,"menu_order":0,"comment_status":"closed","ping_status":"closed","template":"","meta":{"site-sidebar-layout":"right-sidebar","site-content-layout":"default","ast-site-content-layout":"default","site-content-style":"default","site-sidebar-style":"default","ast-global-header-display":"","ast-banner-title-visibility":"","ast-main-header-display":"","ast-hfb-above-header-display":"","ast-hfb-below-header-display":"","ast-hfb-mobile-header-display":"","site-post-title":"disabled","ast-breadcrumbs-content":"","ast-featured-img":"","footer-sml-layout":"","ast-disable-related-posts":"","theme-transparent-header-meta":"default","adv-header-id-meta":"","stick-header-meta":"","header-above-stick-meta":"","header-main-stick-meta":"","header-below-stick-meta":"","astra-migrate-meta-layouts":"set","ast-page-background-enabled":"default","ast-page-background-meta":{"desktop":{"background-color":"","background-image":"","background-repeat":"repeat","background-position":"center center","background-size":"auto","background-attachment":"scroll","background-type":"","background-media":"","overlay-type":"","overlay-color":"","overlay-opacity":"","overlay-gradient":""},"tablet":{"background-color":"","background-image":"","background-repeat":"repeat","background-position":"center center","background-size":"auto","background-attachment":"scroll","background-type":"","background-media":"","overlay-type":"","overlay-color":"","overlay-opacity":"","overlay-gradient":""},"mobile":{"background-color":"","background-image":"","background-repeat":"repeat","background-position":"center center","background-size":"auto","background-attachment":"scroll","background-type":"","background-media":"","overlay-type":"","overlay-color":"","overlay-opacity":"","overlay-gradient":""}},"ast-content-background-meta":{"desktop":{"background-color":"var(--ast-global-color-5)","background-image":"","background-repeat":"repeat","background-position":"center center","background-size":"auto","background-attachment":"scroll","background-type":"","background-media":"","overlay-type":"","overlay-color":"","overlay-opacity":"","overlay-gradient":""},"tablet":{"background-color":"var(--ast-global-color-5)","background-image":"","background-repeat":"repeat","background-position":"center center","background-size":"auto","background-attachment":"scroll","background-type":"","background-media":"","overlay-type":"","overlay-color":"","overlay-opacity":"","overlay-gradient":""},"mobile":{"background-color":"var(--ast-global-color-5)","background-image":"","background-repeat":"repeat","background-position":"center center","background-size":"auto","background-attachment":"scroll","background-type":"","background-media":"","overlay-type":"","overlay-color":"","overlay-opacity":"","overlay-gradient":""}},"footnotes":""},"class_list":["post-29598","page","type-page","status-publish","has-post-thumbnail","hentry"],"_links":{"self":[{"href":"https:\/\/www.bitbaru.com\/site\/wp-json\/wp\/v2\/pages\/29598","targetHints":{"allow":["GET"]}}],"collection":[{"href":"https:\/\/www.bitbaru.com\/site\/wp-json\/wp\/v2\/pages"}],"about":[{"href":"https:\/\/www.bitbaru.com\/site\/wp-json\/wp\/v2\/types\/page"}],"author":[{"embeddable":true,"href":"https:\/\/www.bitbaru.com\/site\/wp-json\/wp\/v2\/users\/1"}],"replies":[{"embeddable":true,"href":"https:\/\/www.bitbaru.com\/site\/wp-json\/wp\/v2\/comments?post=29598"}],"version-history":[{"count":0,"href":"https:\/\/www.bitbaru.com\/site\/wp-json\/wp\/v2\/pages\/29598\/revisions"}],"wp:featuredmedia":[{"embeddable":true,"href":"https:\/\/www.bitbaru.com\/site\/wp-json\/wp\/v2\/media\/63424"}],"wp:attachment":[{"href":"https:\/\/www.bitbaru.com\/site\/wp-json\/wp\/v2\/media?parent=29598"}],"curies":[{"name":"wp","href":"https:\/\/api.w.org\/{rel}","templated":true}]}}