{"id":25,"date":"2019-01-07T16:40:13","date_gmt":"2019-01-07T19:40:13","guid":{"rendered":"http:\/\/www.py5bk.net\/site\/?page_id=25"},"modified":"2024-06-20T14:04:50","modified_gmt":"2024-06-20T17:04:50","slug":"digipeater-aprs","status":"publish","type":"page","link":"https:\/\/www.bitbaru.com\/site\/digipeater-aprs\/","title":{"rendered":"Digipeater e KISS TNC APRS BravoDIGI"},"content":{"rendered":"<h2 style=\"text-align: center;\"><em>Provendo cobertura APRS facilmente com qualidade!<\/em><\/h2>\n<figure id=\"attachment_22492\" aria-describedby=\"caption-attachment-22492\" style=\"width: 932px\" class=\"wp-caption aligncenter\"><img loading=\"lazy\" decoding=\"async\" class=\"size-full wp-image-22492\" src=\"https:\/\/www.bitbaru.com\/site\/wp-content\/uploads\/2020\/06\/Digipeater-APRS-BravoDIGI-Arduino-Nano-Atmega328-PY5BK.jpg\" alt=\"Digipeater APRS BravoDIGI Arduino Nano Atmega328 PY5BK\" width=\"932\" height=\"772\" srcset=\"https:\/\/www.bitbaru.com\/site\/wp-content\/uploads\/2020\/06\/Digipeater-APRS-BravoDIGI-Arduino-Nano-Atmega328-PY5BK.jpg 932w, https:\/\/www.bitbaru.com\/site\/wp-content\/uploads\/2020\/06\/Digipeater-APRS-BravoDIGI-Arduino-Nano-Atmega328-PY5BK-300x248.jpg 300w, https:\/\/www.bitbaru.com\/site\/wp-content\/uploads\/2020\/06\/Digipeater-APRS-BravoDIGI-Arduino-Nano-Atmega328-PY5BK-768x636.jpg 768w\" sizes=\"auto, (max-width: 932px) 100vw, 932px\" \/><figcaption id=\"caption-attachment-22492\" class=\"wp-caption-text\">Digipeater APRS BravoDIGI Arduino Nano Atmega328<\/figcaption><\/figure>\n<p>\u2013 <span style=\"color: #333399;\"><strong>Configura\u00e7\u00e3o de todos os par\u00e2metros via software<\/strong><\/span>;<br \/>\n\u2013 TODOS SSID\u2019s dispon\u00edveis para configura\u00e7\u00e3o;<br \/>\n\u2013 Galeria de \u00edcones completa a disposi\u00e7\u00e3o;<br \/>\n\u2013 Personaliza\u00e7\u00e3o da mensagem do Beacon;<br \/>\n\u2013 Beacons com intervalos program\u00e1veis de (10 a 99 minutos);<br \/>\n\u2013 Op\u00e7\u00e3o para deixar a digi sem beacon (p\/ digis de campanha, port\u00e1til e etc);<br \/>\n\u2013 WIDEs: WIDE1-1, WIDE2-1, WIDE2-2 e WIDE3-3;<br \/>\n\u2013 Detalhamento da esta\u00e7\u00e3o no Beacon (antena, r\u00e1dio, pot\u00eancia e etc);<br \/>\n<span style=\"color: #008000;\">\u2013 Sistema de Filtro de Pacotes por Prefixos, SSID\u2019s e Tipo de Pacotes;<\/span><br \/>\n<span style=\"color: #008000;\">\u2013 Mensagens Especiais (boletins, nws, status e etc);<\/span><br \/>\n<span style=\"color: #008000;\">\u2013 Opera como KISS TNC (usando firmware respectivo);<\/span><br \/>\n<span style=\"color: #008000;\">\u2013 Opera como Serial Modem (transmite p\/ RF o que recebe pela serial e vice-versa);<\/span><br \/>\n<span style=\"color: #008000;\">\u2013 Possibilidade de integra\u00e7\u00e3o com outros equipamentos para atuar como meio de comunica\u00e7\u00e3o de dados para longas dist\u00e2ncias via RF;<\/span><\/p>\n<h1>Como funciona a Digipeater APRS BRAVODIGI?<\/h1>\n<p>A opera\u00e7\u00e3o convencionalmente opera em uma frequ\u00eancia simplex definida de acordo com a localidade e legisla\u00e7\u00f5es vigentes. No Brasil, o sistema APRS est\u00e1 operando na frequ\u00eancia VHF 145.570 simplex sem subtom (tamb\u00e9m tem sido convencionado a utiliza\u00e7\u00e3o na faixa UHF em 433.550).<\/p>\n<p>Com a digipeater APRS BravoDIGI voc\u00ea poder\u00e1 dar cobertura a uma localidade facilmente <strong>bastando apenas esta placa conectada a um r\u00e1dio em uma esta\u00e7\u00e3o base<\/strong>. A \u00e1rea de abrang\u00eancia de cobertura e o percentual de sucesso na decodifica\u00e7\u00e3o e repeti\u00e7\u00e3o de radio-pacotes ser\u00e1 de acordo com as condi\u00e7\u00f5es desta esta\u00e7\u00e3o (altura e tipo de antena, qualidade do r\u00e1dio e a devida calibragem do \u00e1udio feita atrav\u00e9s dos trimpots na placa BravoDIGI).<\/p>\n<p>O funcionamento do sistema APRS por meio de uma esta\u00e7\u00e3o Digipeater d\u00e1-se basicamente pelo esquema a seguir:<\/p>\n<p><img loading=\"lazy\" decoding=\"async\" class=\"alignnone size-full wp-image-283\" src=\"https:\/\/www.bitbaru.com\/site\/wp-content\/uploads\/2018\/05\/APRS-Wide-Schematic.jpg\" sizes=\"auto, (max-width: 590px) 100vw, 590px\" srcset=\"https:\/\/www.bitbaru.com\/site\/wp-content\/uploads\/2018\/05\/APRS-Wide-Schematic.jpg 590w, https:\/\/www.bitbaru.com\/site\/wp-content\/uploads\/2018\/05\/APRS-Wide-Schematic-300x225.jpg 300w\" alt=\"\" width=\"590\" height=\"443\" \/><\/p>\n<ol>\n<li>As esta\u00e7\u00f5es base \/ m\u00f3vel que est\u00e3o operando via RF transmitem os pacotes na frequ\u00eancia APRS.<\/li>\n<li>A esta\u00e7\u00e3o repetidora de pacotes (digipeater) recebe-os e logo em seguida retransmite-os afim de que o pacote chegue at\u00e9 uma esta\u00e7\u00e3o iGate que recebe-os e joga estas informa\u00e7\u00f5es para dentro da rede APRS-IS.<\/li>\n<li>As repeti\u00e7\u00f5es do pacote obedecer\u00e3o as configura\u00e7\u00f5es WIDE (que s\u00e3o feitas na esta\u00e7\u00e3o originadora do pacote) que indicam at\u00e9 quantas vezes ele ser\u00e1 repetido. Portanto, se o pacote chegar a sua esta\u00e7\u00e3o Digipeater com WIDE com valor 1, ele n\u00e3o ser\u00e1 repetido. <a href=\"http:\/\/wa8lmf.net\/DigiPaths\/\" target=\"_blank\" rel=\"noopener noreferrer\">Veja este tutorial que fala sobre WIDE<\/a>.<\/li>\n<\/ol>\n<h2>O que voc\u00ea precisa saber sobre a Digipeater APRS:<\/h2>\n<p>Recomenda-se que ao alcance de toda Digipeater tenha-se uma esta\u00e7\u00e3o iGate que receba os pacotes e jogue-os para a Internet (APRS-IS). Todavia, voc\u00ea pode tranquilamente fazer a cobertura de uma extensa localidade com v\u00e1rias digipeaters, sendo que os pacotes apenas necessitaram percorrer um caminho maior para chegar at\u00e9 um iGate.<\/p>\n<p>&nbsp;<\/p>\n<h2><strong><em>Vamos falar de filtros no APRS?<\/em><\/strong><\/h2>\n<p>Em muitas localidades aonde o sistema APRS \u00e9 amplamente utilizado pelos radioamadores e for\u00e7as de ajuda humanit\u00e1ria, o tr\u00e1fego de dados na rede de r\u00e1dio \u00e9 intenso. Em raz\u00e3o disso, para otimizar o uso do sistema na rede RF \u00e9 interessante que nem todos os pacotes sejam digi-repetidos (seja apenas recebendo-os e inserindo os dados para dentro da Internet ou n\u00e3o fazendo nada com eles). Tr\u00e1fego de informa\u00e7\u00f5es como Objetos, Telemetria e an\u00e1logos por vezes n\u00e3o \u00e9 interessante que seja repetido e repetido pelas esta\u00e7\u00f5es repetidoras APRS pois ocupam a frequ\u00eancia e ocasionam perda de pacotes mais importantes como os beacons de Posi\u00e7\u00f5es e Mensagens das outras esta\u00e7\u00f5es APRS. Por isso, voc\u00ea poder\u00e1 colaborar com o bom gerenciamento da sua rede APRS trabalhando com as configura\u00e7\u00f5es filtragem por tipo de pacote e SSID na sua BravoDIGI!<\/p>\n<p>Al\u00e9m disso, com a sua BravoDIGI voc\u00ea poder\u00e1 filtrar pacotes por prefixos (indicativos de chamada), por exemplo: PY, PU, PY5, PY5XYZ e etc.<\/p>\n<h1><span style=\"color: #003366;\"><em>Altere suas configura\u00e7\u00f5es quando quiser\u2026<\/em><\/span><\/h1>\n<p><a href=\"https:\/\/www.bitbaru.com\/site\/wp-content\/uploads\/2018\/12\/BravoDIGI_Software_Config_APBK-py5bk-digipeater-aprs-atmega328-arduino.png\"><img loading=\"lazy\" decoding=\"async\" class=\"alignnone size-full wp-image-2516\" src=\"https:\/\/www.bitbaru.com\/site\/wp-content\/uploads\/2018\/12\/BravoDIGI_Software_Config_APBK-py5bk-digipeater-aprs-atmega328-arduino.png\" sizes=\"auto, (max-width: 366px) 100vw, 366px\" srcset=\"https:\/\/www.bitbaru.com\/site\/wp-content\/uploads\/2018\/12\/BravoDIGI_Software_Config_APBK-py5bk-digipeater-aprs-atmega328-arduino.png 366w, https:\/\/www.bitbaru.com\/site\/wp-content\/uploads\/2018\/12\/BravoDIGI_Software_Config_APBK-py5bk-digipeater-aprs-atmega328-arduino-185x300.png 185w\" alt=\"\" width=\"366\" height=\"595\" \/><\/a><\/p>\n<p>Todas as configura\u00e7\u00f5es e ajustes da sua BravoDIGI voc\u00ea mesmo pode realizar por meio do Software de Configura\u00e7\u00e3o intuitivo. A qualquer momento voc\u00ea poder\u00e1 conectar-se via USB com a placa e alterar os par\u00e2metros de configura\u00e7\u00e3o.<\/p>\n<p><strong>Callsign:<\/strong> o indicativo de chamada da esta\u00e7\u00e3o digipeater.<br \/>\n<strong>SSID:<\/strong> com base na tabela de padroniza\u00e7\u00e3o de SSIDs do APRS, selecione o n\u00famero de SSID correspondente ao seu tipo de esta\u00e7\u00e3o\u00a0APRS. No caso de digipeater o padr\u00e3o \u00e9 [15].<br \/>\n<strong>Preamb:<\/strong> tempo \u2013 em milissegundos \u2013 de portadora nula AFSK1200\u00a0antes da transmiss\u00e3o efetiva dos dados em todos os pacotes repetidos\u00a0pela digipeater. Este ajuste \u00e9 bastante \u00fatil no caso de utiliza\u00e7\u00e3o\u00a0com transceptores com a transmiss\u00e3o acionada por VOX, onde\u00a0eventualmente perde-se o in\u00edcio do \u00e1udio portadora AFSK1200.<br \/>\n<strong>Beacons Wide:<\/strong> de acordo com o protocolo APRS, selecione um\u00a0WIDE para especificar at\u00e9 quantas vezes os pacotes dos beacons\u00a0originados por sua digipeater poder\u00e3o ser digi-repetidos pelas\u00a0demais digipeaters da regi\u00e3o.<br \/>\n<strong>Digipeater Filters \u2013 SSIDs Allowed:<\/strong> os tipos de SSIDs que a\u00a0placa BravoTracker em modo digipeater ir\u00e1 aceitar para repetir os\u00a0pacotes que escutar (obedecendo obviamente a regress\u00e3o dos WIDEs\u00a0presentes no path do pacote recebido). Quando selecionado, significa\u00a0que \u00e9 um SSID permitido ser repetido pela sua digipeater.<br \/>\n<strong>Digipeater Filters \u2013 Type of Packets Allowed:<\/strong> s\u00e3o os tipos de\u00a0pacotes (de acordo com a refer\u00eancia do protocolo APRS) que a sua\u00a0digipeater ir\u00e1 repetir dentre os pacotes que forem recebidos.<br \/>\n<strong>Digipeater Filters \u2013 Black List of Callsigns and Prefixes:<\/strong> s\u00e3o\u00a0cinco campos que podem ser preenchidos com prefixos quais a sua\u00a0digipeater n\u00e3o ir\u00e1 repetir. Por exemplo: PY0XYZ ou PY0 que n\u00e3o repetir\u00e1 PY0XYZ, PY0ABC e etc. Caso n\u00e3o deseje utilizar este filtro,\u00a0deixe os campos em branco.<br \/>\n<strong>Beacons:<\/strong> S\u00e3o os beacons que a sua digipeater ir\u00e1 transmitir\u00a0entre os intervalos configurados. Para ativ\u00e1-los, marque o checkbox,\u00a0preencha o campo de texto com a string do beacon (conforme a\u00a0refer\u00eancia do protocolo APRS) e ajuste o intervalo em minutos. Para\u00a0auxiliar o usu\u00e1rio, no programa de configura\u00e7\u00e3o h\u00e1 um gerador da\u00a0string dos principais tipos beacons (posi\u00e7\u00e3o, boletim, status e etc).<\/p>\n<p>&nbsp;<\/p>\n<h2>Telemetria da Placa<\/h2>\n<figure id=\"attachment_63219\" aria-describedby=\"caption-attachment-63219\" style=\"width: 555px\" class=\"wp-caption alignnone\"><img loading=\"lazy\" decoding=\"async\" class=\"size-full wp-image-63219\" src=\"https:\/\/www.bitbaru.com\/site\/wp-content\/uploads\/2024\/05\/bravodigi-telemetry-aprs-digipeater.png\" alt=\"Plotagem no mapa da digipeater APRS PY5TH-15 com Telemetria\" width=\"555\" height=\"437\" srcset=\"https:\/\/www.bitbaru.com\/site\/wp-content\/uploads\/2024\/05\/bravodigi-telemetry-aprs-digipeater.png 555w, https:\/\/www.bitbaru.com\/site\/wp-content\/uploads\/2024\/05\/bravodigi-telemetry-aprs-digipeater-300x236.png 300w\" sizes=\"auto, (max-width: 555px) 100vw, 555px\" \/><figcaption id=\"caption-attachment-63219\" class=\"wp-caption-text\">Plotagem no mapa da digipeater APRS PY5TH-15 com Telemetria<\/figcaption><\/figure>\n","protected":false},"excerpt":{"rendered":"<p>Provendo cobertura APRS facilmente com qualidade! \u2013 Configura\u00e7\u00e3o de todos os par\u00e2metros via software; \u2013 TODOS SSID\u2019s dispon\u00edveis para configura\u00e7\u00e3o; \u2013 Galeria de \u00edcones completa a disposi\u00e7\u00e3o; \u2013 Personaliza\u00e7\u00e3o da mensagem do Beacon; \u2013 Beacons com intervalos program\u00e1veis de (10 a 99 minutos); \u2013 Op\u00e7\u00e3o para deixar a digi sem beacon (p\/ digis de campanha, [&hellip;]<\/p>\n","protected":false},"author":1,"featured_media":26,"parent":0,"menu_order":0,"comment_status":"closed","ping_status":"closed","template":"","meta":{"site-sidebar-layout":"right-sidebar","site-content-layout":"default","ast-site-content-layout":"default","site-content-style":"default","site-sidebar-style":"default","ast-global-header-display":"","ast-banner-title-visibility":"","ast-main-header-display":"","ast-hfb-above-header-display":"","ast-hfb-below-header-display":"","ast-hfb-mobile-header-display":"","site-post-title":"disabled","ast-breadcrumbs-content":"","ast-featured-img":"","footer-sml-layout":"","ast-disable-related-posts":"","theme-transparent-header-meta":"default","adv-header-id-meta":"","stick-header-meta":"","header-above-stick-meta":"","header-main-stick-meta":"","header-below-stick-meta":"","astra-migrate-meta-layouts":"set","ast-page-background-enabled":"default","ast-page-background-meta":{"desktop":{"background-color":"","background-image":"","background-repeat":"repeat","background-position":"center center","background-size":"auto","background-attachment":"scroll","background-type":"","background-media":"","overlay-type":"","overlay-color":"","overlay-opacity":"","overlay-gradient":""},"tablet":{"background-color":"","background-image":"","background-repeat":"repeat","background-position":"center center","background-size":"auto","background-attachment":"scroll","background-type":"","background-media":"","overlay-type":"","overlay-color":"","overlay-opacity":"","overlay-gradient":""},"mobile":{"background-color":"","background-image":"","background-repeat":"repeat","background-position":"center center","background-size":"auto","background-attachment":"scroll","background-type":"","background-media":"","overlay-type":"","overlay-color":"","overlay-opacity":"","overlay-gradient":""}},"ast-content-background-meta":{"desktop":{"background-color":"var(--ast-global-color-5)","background-image":"","background-repeat":"repeat","background-position":"center center","background-size":"auto","background-attachment":"scroll","background-type":"","background-media":"","overlay-type":"","overlay-color":"","overlay-opacity":"","overlay-gradient":""},"tablet":{"background-color":"var(--ast-global-color-5)","background-image":"","background-repeat":"repeat","background-position":"center center","background-size":"auto","background-attachment":"scroll","background-type":"","background-media":"","overlay-type":"","overlay-color":"","overlay-opacity":"","overlay-gradient":""},"mobile":{"background-color":"var(--ast-global-color-5)","background-image":"","background-repeat":"repeat","background-position":"center center","background-size":"auto","background-attachment":"scroll","background-type":"","background-media":"","overlay-type":"","overlay-color":"","overlay-opacity":"","overlay-gradient":""}},"footnotes":""},"class_list":["post-25","page","type-page","status-publish","has-post-thumbnail","hentry"],"_links":{"self":[{"href":"https:\/\/www.bitbaru.com\/site\/wp-json\/wp\/v2\/pages\/25","targetHints":{"allow":["GET"]}}],"collection":[{"href":"https:\/\/www.bitbaru.com\/site\/wp-json\/wp\/v2\/pages"}],"about":[{"href":"https:\/\/www.bitbaru.com\/site\/wp-json\/wp\/v2\/types\/page"}],"author":[{"embeddable":true,"href":"https:\/\/www.bitbaru.com\/site\/wp-json\/wp\/v2\/users\/1"}],"replies":[{"embeddable":true,"href":"https:\/\/www.bitbaru.com\/site\/wp-json\/wp\/v2\/comments?post=25"}],"version-history":[{"count":0,"href":"https:\/\/www.bitbaru.com\/site\/wp-json\/wp\/v2\/pages\/25\/revisions"}],"wp:featuredmedia":[{"embeddable":true,"href":"https:\/\/www.bitbaru.com\/site\/wp-json\/wp\/v2\/media\/26"}],"wp:attachment":[{"href":"https:\/\/www.bitbaru.com\/site\/wp-json\/wp\/v2\/media?parent=25"}],"curies":[{"name":"wp","href":"https:\/\/api.w.org\/{rel}","templated":true}]}}